{"id":6907,"date":"2022-04-29T10:19:20","date_gmt":"2022-04-29T08:19:20","guid":{"rendered":"https:\/\/www.innov-ia.com\/what-are-you-looking-for\/"},"modified":"2026-02-27T13:12:21","modified_gmt":"2026-02-27T12:12:21","slug":"que-recherchez-vous","status":"publish","type":"page","link":"https:\/\/www.innov-ia.com\/fr\/que-recherchez-vous\/","title":{"rendered":"CONTACTER L\u2019EQUIPE INNOV\u2019IA"},"content":{"rendered":"<p><div class=\"fusion-fullwidth fullwidth-box fusion-builder-row-1 fusion-flex-container has-pattern-background has-mask-background nonhundred-percent-fullwidth non-hundred-percent-height-scrolling\" style=\"--awb-border-radius-top-left:0px;--awb-border-radius-top-right:0px;--awb-border-radius-bottom-right:0px;--awb-border-radius-bottom-left:0px;--awb-padding-top:50px;--awb-padding-bottom:50px;--awb-margin-top:0px;--awb-margin-bottom:50px;--awb-background-color:var(--awb-custom16);--awb-flex-wrap:wrap;\" ><div class=\"fusion-builder-row fusion-row fusion-flex-align-items-stretch fusion-flex-justify-content-center fusion-flex-content-wrap\" style=\"max-width:1300px;margin-left: calc(-4% \/ 2 );margin-right: calc(-4% \/ 2 );\"><div class=\"fusion-layout-column fusion_builder_column fusion-builder-column-0 fusion_builder_column_1_1 1_1 fusion-flex-column\" style=\"--awb-bg-size:cover;--awb-width-large:100%;--awb-margin-top-large:0px;--awb-spacing-right-large:1.92%;--awb-margin-bottom-large:20px;--awb-spacing-left-large:1.92%;--awb-width-medium:100%;--awb-order-medium:0;--awb-spacing-right-medium:1.92%;--awb-spacing-left-medium:1.92%;--awb-width-small:100%;--awb-order-small:0;--awb-spacing-right-small:1.92%;--awb-spacing-left-small:1.92%;\"><div class=\"fusion-column-wrapper fusion-column-has-shadow fusion-flex-justify-content-flex-start fusion-content-layout-column\"><div class=\"fusion-title title fusion-title-1 fusion-sep-none fusion-title-center fusion-title-text fusion-title-size-two\" style=\"--awb-margin-top-small:10px;--awb-margin-bottom-small:10px;\"><h2 class=\"fusion-title-heading title-heading-center fusion-responsive-typography-calculated\" style=\"margin:0;text-transform:none;--fontSize:32;line-height:1.2;\">PLUSIEURS MOYENS POUR NOUS CONTACTER :<\/h2><\/div><div class=\"fusion-text fusion-text-1\" style=\"--awb-content-alignment:center;--awb-font-size:20px;\"><h3>En remplissant un formulaire en ligne :<\/h3>\n<\/div><\/div><\/div><div class=\"fusion-layout-column fusion_builder_column fusion-builder-column-1 fusion_builder_column_1_4 1_4 fusion-flex-column fusion-flex-align-self-stretch fusion-column-inner-bg-wrapper fusion-animated\" style=\"--awb-padding-top:50px;--awb-padding-right:50px;--awb-padding-bottom:50px;--awb-padding-left:50px;--awb-overflow:hidden;--awb-inner-bg-color:var(--awb-color4);--awb-inner-bg-color-hover:var(--awb-color4);--awb-inner-bg-size:cover;--awb-border-radius:5px 5px 5px 5px;--awb-inner-bg-border-radius:5px 5px 5px 5px;--awb-inner-bg-overflow:hidden;--awb-width-large:25%;--awb-margin-top-large:0px;--awb-spacing-right-large:7.68%;--awb-margin-bottom-large:20px;--awb-spacing-left-large:7.68%;--awb-width-medium:25%;--awb-order-medium:0;--awb-spacing-right-medium:7.68%;--awb-spacing-left-medium:7.68%;--awb-width-small:100%;--awb-order-small:0;--awb-spacing-right-small:1.92%;--awb-spacing-left-small:1.92%;\" data-animationType=\"fadeInUp\" data-animationDuration=\"1.0\" data-animationOffset=\"top-into-view\"><span class=\"fusion-column-inner-bg hover-type-none\"><a class=\"fusion-column-anchor\" href=\"https:\/\/www.innov-ia.com\/fr\/contact\/\"><span class=\"fusion-column-inner-bg-image\"><\/span><\/a><\/span><div class=\"fusion-column-wrapper fusion-column-has-shadow fusion-flex-justify-content-center fusion-content-layout-row fusion-flex-align-items-center\"><i class=\"fb-icon-element-1 fb-icon-element fontawesome-icon fa-map-marker-question fas circle-no\" style=\"--awb-font-size:35px;--awb-align-self:center;--awb-margin-top:0px;--awb-margin-right:0px;--awb-margin-bottom:15px;--awb-margin-left:0px;\"><\/i><div class=\"fusion-text fusion-text-2 fusion-text-no-margin\" style=\"--awb-content-alignment:center;--awb-font-size:18px;--awb-text-transform:none;--awb-text-color:var(--awb-color1);--awb-margin-bottom:0px;--awb-text-font-family:&quot;Lato&quot;;--awb-text-font-style:normal;--awb-text-font-weight:700;\"><p>Vous avez une question ou besoin d&rsquo;une information sp\u00e9cifique ?<\/p>\n<\/div><\/div><\/div><div class=\"fusion-layout-column fusion_builder_column fusion-builder-column-2 fusion_builder_column_1_4 1_4 fusion-flex-column fusion-flex-align-self-stretch fusion-column-inner-bg-wrapper fusion-animated\" style=\"--awb-padding-top:50px;--awb-padding-right:50px;--awb-padding-bottom:50px;--awb-padding-left:50px;--awb-overflow:hidden;--awb-inner-bg-color:var(--awb-color2);--awb-inner-bg-color-hover:var(--awb-color2);--awb-inner-bg-size:cover;--awb-border-radius:5px 5px 5px 5px;--awb-inner-bg-border-radius:5px 5px 5px 5px;--awb-inner-bg-overflow:hidden;--awb-width-large:25%;--awb-margin-top-large:0px;--awb-spacing-right-large:7.68%;--awb-margin-bottom-large:20px;--awb-spacing-left-large:7.68%;--awb-width-medium:25%;--awb-order-medium:0;--awb-spacing-right-medium:7.68%;--awb-spacing-left-medium:7.68%;--awb-width-small:100%;--awb-order-small:0;--awb-spacing-right-small:1.92%;--awb-spacing-left-small:1.92%;\" data-animationType=\"fadeInUp\" data-animationDuration=\"1.5\" data-animationOffset=\"top-into-view\"><span class=\"fusion-column-inner-bg hover-type-none\"><a class=\"fusion-column-anchor\" href=\"https:\/\/www.innov-ia.com\/fr\/votre-besoin\/\"><span class=\"fusion-column-inner-bg-image\"><\/span><\/a><\/span><div class=\"fusion-column-wrapper fusion-column-has-shadow fusion-flex-justify-content-center fusion-content-layout-row fusion-flex-align-items-center\"><i class=\"fb-icon-element-2 fb-icon-element fontawesome-icon fa-flask-potion fas circle-no\" style=\"--awb-iconcolor:var(--awb-color7);--awb-iconcolor-hover:var(--awb-color7);--awb-font-size:35px;--awb-align-self:center;--awb-margin-top:0px;--awb-margin-right:0px;--awb-margin-bottom:15px;--awb-margin-left:0px;\"><\/i><div class=\"fusion-text fusion-text-3 fusion-text-no-margin\" style=\"--awb-content-alignment:center;--awb-font-size:18px;--awb-text-transform:none;--awb-text-color:var(--awb-color7);--awb-margin-bottom:0px;--awb-text-font-family:&quot;Lato&quot;;--awb-text-font-style:normal;--awb-text-font-weight:700;\"><p>Vous avez un besoin et vous voulez soumettre votre projet ?<\/p>\n<\/div><\/div><\/div><div class=\"fusion-layout-column fusion_builder_column fusion-builder-column-3 fusion_builder_column_1_4 1_4 fusion-flex-column fusion-flex-align-self-stretch fusion-column-inner-bg-wrapper fusion-animated\" style=\"--awb-padding-top:50px;--awb-padding-right:50px;--awb-padding-bottom:50px;--awb-padding-left:50px;--awb-overflow:hidden;--awb-inner-bg-color:var(--awb-color1);--awb-inner-bg-color-hover:var(--awb-color1);--awb-inner-bg-size:cover;--awb-border-color:var(--awb-color4);--awb-border-top:2px;--awb-border-right:2px;--awb-border-bottom:2px;--awb-border-left:2px;--awb-border-style:solid;--awb-border-radius:5px 5px 5px 5px;--awb-inner-bg-border-radius:5px 5px 5px 5px;--awb-inner-bg-overflow:hidden;--awb-width-large:25%;--awb-margin-top-large:0px;--awb-spacing-right-large:7.68%;--awb-margin-bottom-large:20px;--awb-spacing-left-large:7.68%;--awb-width-medium:25%;--awb-order-medium:0;--awb-spacing-right-medium:7.68%;--awb-spacing-left-medium:7.68%;--awb-width-small:100%;--awb-order-small:0;--awb-spacing-right-small:1.92%;--awb-spacing-left-small:1.92%;\" data-animationType=\"fadeInUp\" data-animationDuration=\"2.0\" data-animationOffset=\"top-into-view\" data-scroll-devices=\"small-visibility,medium-visibility,large-visibility\"><span class=\"fusion-column-inner-bg hover-type-none\"><a class=\"fusion-column-anchor\" href=\"https:\/\/www.innov-ia.com\/fr\/nos-offres-demploi\/\"><span class=\"fusion-column-inner-bg-image\"><\/span><\/a><\/span><div class=\"fusion-column-wrapper fusion-column-has-shadow fusion-flex-justify-content-center fusion-content-layout-row fusion-flex-align-items-center\"><i class=\"fb-icon-element-3 fb-icon-element fontawesome-icon fa-search fas circle-no\" style=\"--awb-iconcolor:var(--awb-color4);--awb-iconcolor-hover:var(--awb-color4);--awb-font-size:35px;--awb-align-self:center;--awb-margin-top:0px;--awb-margin-right:0px;--awb-margin-bottom:15px;--awb-margin-left:0px;\"><\/i><div class=\"fusion-text fusion-text-4 fusion-text-no-margin\" style=\"--awb-content-alignment:center;--awb-font-size:18px;--awb-text-transform:none;--awb-text-color:var(--awb-color4);--awb-margin-bottom:0px;--awb-text-font-family:&quot;Lato&quot;;--awb-text-font-style:normal;--awb-text-font-weight:700;\"><p>Vous recherchez un poste ?<\/p>\n<\/div><\/div><\/div><\/div><\/div><div class=\"fusion-fullwidth fullwidth-box fusion-builder-row-2 fusion-flex-container has-pattern-background has-mask-background nonhundred-percent-fullwidth non-hundred-percent-height-scrolling\" style=\"--awb-border-radius-top-left:0px;--awb-border-radius-top-right:0px;--awb-border-radius-bottom-right:0px;--awb-border-radius-bottom-left:0px;--awb-flex-wrap:wrap;\" ><div class=\"fusion-builder-row fusion-row fusion-flex-align-items-flex-start fusion-flex-content-wrap\" style=\"max-width:1300px;margin-left: calc(-4% \/ 2 );margin-right: calc(-4% \/ 2 );\"><div class=\"fusion-layout-column fusion_builder_column fusion-builder-column-4 fusion_builder_column_1_1 1_1 fusion-flex-column\" style=\"--awb-bg-size:cover;--awb-width-large:100%;--awb-margin-top-large:0px;--awb-spacing-right-large:1.92%;--awb-margin-bottom-large:20px;--awb-spacing-left-large:1.92%;--awb-width-medium:100%;--awb-order-medium:0;--awb-spacing-right-medium:1.92%;--awb-spacing-left-medium:1.92%;--awb-width-small:100%;--awb-order-small:0;--awb-spacing-right-small:1.92%;--awb-spacing-left-small:1.92%;\"><div class=\"fusion-column-wrapper fusion-column-has-shadow fusion-flex-justify-content-flex-start fusion-content-layout-column\"><div class=\"fusion-text fusion-text-5\" style=\"--awb-content-alignment:center;--awb-font-size:20px;\"><h3>En contactant directement notre Equipe Commerciale :<\/h3>\n<\/div><\/div><\/div><div class=\"fusion-layout-column fusion_builder_column fusion-builder-column-5 fusion_builder_column_1_2 1_2 fusion-flex-column\" style=\"--awb-bg-size:cover;--awb-width-large:50%;--awb-margin-top-large:0px;--awb-spacing-right-large:3.84%;--awb-margin-bottom-large:20px;--awb-spacing-left-large:3.84%;--awb-width-medium:50%;--awb-order-medium:0;--awb-spacing-right-medium:3.84%;--awb-spacing-left-medium:3.84%;--awb-width-small:100%;--awb-order-small:0;--awb-spacing-right-small:1.92%;--awb-spacing-left-small:1.92%;\" data-scroll-devices=\"small-visibility,medium-visibility,large-visibility\"><div class=\"fusion-column-wrapper fusion-column-has-shadow fusion-flex-justify-content-center fusion-content-layout-column\"><div class=\"fusion-text fusion-text-6\"><p><i class=\"fb-icon-element-4 fb-icon-element fontawesome-icon fa-paper-plane fas circle-no fusion-text-flow\" style=\"--awb-iconcolor:var(--awb-color8);--awb-font-size:16px;--awb-margin-right:8px;\"><\/i>\u00a0Par email : <u>customers@innov-ia.com<br \/>\n<\/u><i class=\"fb-icon-element-5 fb-icon-element fontawesome-icon fa-phone-rotary fas circle-no fusion-text-flow\" style=\"--awb-iconcolor:var(--awb-color8);--awb-font-size:16px;--awb-margin-right:8px;\"><\/i> Par t\u00e9l\u00e9phone : +33 (0)5 46 45 45 11<\/p>\n<p><strong><u><b>Assistante commerciale :<\/b><\/u><\/strong><\/p>\n<ul>\n<li>Claire PARENTEAU : 05 46 45 45 11<\/li>\n<\/ul>\n<p><u><b>Technico-commercial : <\/b><\/u><\/p>\n<ul>\n<li>Manuelle GOUBY\u00a0: 06\u00a024\u00a006\u00a033\u00a003<\/li>\n<li>Alice ILLIAQUER\u00a0: 06 03 70 27 40<\/li>\n<li>Edouard PARISON : <span data-teams=\"true\">06\u00a017\u00a020\u00a031\u00a011<\/span><\/li>\n<li>Nadia\u00a0RABILLOUD\u00a0: 07\u00a077\u00a075\u00a052\u00a069<\/li>\n<li>M\u00e9lanie TAVERNIER : 06 79 83 65 97<\/li>\n<li>C\u00e9lia VERHAEGHE<\/li>\n<li>Gladys BAZY<\/li>\n<\/ul>\n<\/div><\/div><\/div><div class=\"fusion-layout-column fusion_builder_column fusion-builder-column-6 fusion_builder_column_1_2 1_2 fusion-flex-column\" style=\"--awb-bg-size:cover;--awb-width-large:50%;--awb-margin-top-large:0px;--awb-spacing-right-large:3.84%;--awb-margin-bottom-large:20px;--awb-spacing-left-large:3.84%;--awb-width-medium:50%;--awb-order-medium:0;--awb-spacing-right-medium:3.84%;--awb-spacing-left-medium:3.84%;--awb-width-small:100%;--awb-order-small:0;--awb-spacing-right-small:1.92%;--awb-spacing-left-small:1.92%;\" data-scroll-devices=\"small-visibility,medium-visibility,large-visibility\"><div class=\"fusion-column-wrapper fusion-column-has-shadow fusion-flex-justify-content-center fusion-content-layout-column\"><div class=\"fusion-image-element \" style=\"--awb-caption-title-font-family:var(--h2_typography-font-family);--awb-caption-title-font-weight:var(--h2_typography-font-weight);--awb-caption-title-font-style:var(--h2_typography-font-style);--awb-caption-title-size:var(--h2_typography-font-size);--awb-caption-title-transform:var(--h2_typography-text-transform);--awb-caption-title-line-height:var(--h2_typography-line-height);--awb-caption-title-letter-spacing:var(--h2_typography-letter-spacing);\"><span class=\" fusion-imageframe imageframe-none imageframe-1 hover-type-none\" style=\"border-radius:4px;\"><img decoding=\"async\" width=\"913\" height=\"554\" title=\"2026 02_photo groupe equipe commerce\" src=\"https:\/\/www.innov-ia.com\/wp-content\/uploads\/2026\/02\/2026-02_photo-groupe-equipe-commerce.jpg\" data-orig-src=\"https:\/\/www.innov-ia.com\/wp-content\/uploads\/2026\/02\/2026-02_photo-groupe-equipe-commerce.jpg\" alt class=\"lazyload img-responsive wp-image-11934\" srcset=\"data:image\/svg+xml,%3Csvg%20xmlns%3D%27http%3A%2F%2Fwww.w3.org%2F2000%2Fsvg%27%20width%3D%27913%27%20height%3D%27554%27%20viewBox%3D%270%200%20913%20554%27%3E%3Crect%20width%3D%27913%27%20height%3D%27554%27%20fill-opacity%3D%220%22%2F%3E%3C%2Fsvg%3E\" data-srcset=\"https:\/\/www.innov-ia.com\/wp-content\/uploads\/2026\/02\/2026-02_photo-groupe-equipe-commerce-200x121.jpg 200w, https:\/\/www.innov-ia.com\/wp-content\/uploads\/2026\/02\/2026-02_photo-groupe-equipe-commerce-400x243.jpg 400w, https:\/\/www.innov-ia.com\/wp-content\/uploads\/2026\/02\/2026-02_photo-groupe-equipe-commerce-600x364.jpg 600w, https:\/\/www.innov-ia.com\/wp-content\/uploads\/2026\/02\/2026-02_photo-groupe-equipe-commerce-800x485.jpg 800w, https:\/\/www.innov-ia.com\/wp-content\/uploads\/2026\/02\/2026-02_photo-groupe-equipe-commerce.jpg 913w\" data-sizes=\"auto\" data-orig-sizes=\"(max-width: 640px) 100vw, 600px\" \/><\/span><\/div><\/div><\/div><\/div><\/div><\/p>\n","protected":false},"excerpt":{"rendered":"","protected":false},"author":10,"featured_media":0,"parent":0,"menu_order":0,"comment_status":"closed","ping_status":"closed","template":"100-width.php","meta":{"_acf_changed":false,"footnotes":""},"class_list":["post-6907","page","type-page","status-publish","hentry"],"acf":[],"yoast_head":"<!-- This site is optimized with the Yoast SEO plugin v27.3 - https:\/\/yoast.com\/product\/yoast-seo-wordpress\/ -->\n<title>Trouvez vos solutions avec Innov&#039;ia : Formulation et innovation<\/title>\n<meta name=\"description\" content=\"Explorez les solutions Innov&#039;ia pour r\u00e9pondre \u00e0 vos besoins en formulation d&#039;ingr\u00e9dients.\" \/>\n<meta name=\"robots\" content=\"index, follow, max-snippet:-1, max-image-preview:large, max-video-preview:-1\" \/>\n<link rel=\"canonical\" href=\"https:\/\/www.innov-ia.com\/fr\/que-recherchez-vous\/\" \/>\n<meta property=\"og:locale\" content=\"fr_FR\" \/>\n<meta property=\"og:type\" content=\"article\" \/>\n<meta property=\"og:title\" content=\"Trouvez vos solutions avec Innov&#039;ia : Formulation et innovation\" \/>\n<meta property=\"og:description\" content=\"Explorez les solutions Innov&#039;ia pour r\u00e9pondre \u00e0 vos besoins en formulation d&#039;ingr\u00e9dients.\" \/>\n<meta property=\"og:url\" content=\"https:\/\/www.innov-ia.com\/fr\/que-recherchez-vous\/\" \/>\n<meta property=\"og:site_name\" content=\"INNOV&#039;IA\" \/>\n<meta property=\"article:modified_time\" content=\"2026-02-27T12:12:21+00:00\" \/>\n<meta property=\"og:image\" content=\"https:\/\/www.innov-ia.com\/wp-content\/uploads\/2021\/09\/logo-INNOVIA-corporate-190.jpg\" \/>\n\t<meta property=\"og:image:width\" content=\"190\" \/>\n\t<meta property=\"og:image:height\" content=\"45\" \/>\n\t<meta property=\"og:image:type\" content=\"image\/jpeg\" \/>\n<script type=\"application\/ld+json\" class=\"yoast-schema-graph\">{\"@context\":\"https:\\\/\\\/schema.org\",\"@graph\":[{\"@type\":\"WebPage\",\"@id\":\"https:\\\/\\\/www.innov-ia.com\\\/fr\\\/que-recherchez-vous\\\/\",\"url\":\"https:\\\/\\\/www.innov-ia.com\\\/fr\\\/que-recherchez-vous\\\/\",\"name\":\"Trouvez vos solutions avec Innov'ia : Formulation et innovation\",\"isPartOf\":{\"@id\":\"https:\\\/\\\/www.innov-ia.com\\\/fr\\\/#website\"},\"datePublished\":\"2022-04-29T08:19:20+00:00\",\"dateModified\":\"2026-02-27T12:12:21+00:00\",\"description\":\"Explorez les solutions Innov'ia pour r\u00e9pondre \u00e0 vos besoins en formulation d'ingr\u00e9dients.\",\"breadcrumb\":{\"@id\":\"https:\\\/\\\/www.innov-ia.com\\\/fr\\\/que-recherchez-vous\\\/#breadcrumb\"},\"inLanguage\":\"fr-FR\",\"potentialAction\":[{\"@type\":\"ReadAction\",\"target\":[\"https:\\\/\\\/www.innov-ia.com\\\/fr\\\/que-recherchez-vous\\\/\"]}]},{\"@type\":\"BreadcrumbList\",\"@id\":\"https:\\\/\\\/www.innov-ia.com\\\/fr\\\/que-recherchez-vous\\\/#breadcrumb\",\"itemListElement\":[{\"@type\":\"ListItem\",\"position\":1,\"name\":\"Accueil\",\"item\":\"https:\\\/\\\/www.innov-ia.com\\\/fr\\\/\"},{\"@type\":\"ListItem\",\"position\":2,\"name\":\"CONTACTER L\u2019EQUIPE INNOV\u2019IA\"}]},{\"@type\":\"WebSite\",\"@id\":\"https:\\\/\\\/www.innov-ia.com\\\/fr\\\/#website\",\"url\":\"https:\\\/\\\/www.innov-ia.com\\\/fr\\\/\",\"name\":\"Innov'ia\",\"description\":\"Research, Innovation &amp; Development\",\"publisher\":{\"@id\":\"https:\\\/\\\/www.innov-ia.com\\\/fr\\\/#organization\"},\"potentialAction\":[{\"@type\":\"SearchAction\",\"target\":{\"@type\":\"EntryPoint\",\"urlTemplate\":\"https:\\\/\\\/www.innov-ia.com\\\/fr\\\/?s={search_term_string}\"},\"query-input\":{\"@type\":\"PropertyValueSpecification\",\"valueRequired\":true,\"valueName\":\"search_term_string\"}}],\"inLanguage\":\"fr-FR\"},{\"@type\":\"Organization\",\"@id\":\"https:\\\/\\\/www.innov-ia.com\\\/fr\\\/#organization\",\"name\":\"INNOV'IA\",\"url\":\"https:\\\/\\\/www.innov-ia.com\\\/fr\\\/\",\"logo\":{\"@type\":\"ImageObject\",\"inLanguage\":\"fr-FR\",\"@id\":\"https:\\\/\\\/www.innov-ia.com\\\/fr\\\/#\\\/schema\\\/logo\\\/image\\\/\",\"url\":\"https:\\\/\\\/www.innov-ia.com\\\/wp-content\\\/uploads\\\/2021\\\/09\\\/logo-INNOVIA-corporate-240.jpg\",\"contentUrl\":\"https:\\\/\\\/www.innov-ia.com\\\/wp-content\\\/uploads\\\/2021\\\/09\\\/logo-INNOVIA-corporate-240.jpg\",\"width\":240,\"height\":56,\"caption\":\"INNOV'IA\"},\"image\":{\"@id\":\"https:\\\/\\\/www.innov-ia.com\\\/fr\\\/#\\\/schema\\\/logo\\\/image\\\/\"}}]}<\/script>\n<!-- \/ Yoast SEO plugin. -->","yoast_head_json":{"title":"Trouvez vos solutions avec Innov'ia : Formulation et innovation","description":"Explorez les solutions Innov'ia pour r\u00e9pondre \u00e0 vos besoins en formulation d'ingr\u00e9dients.","robots":{"index":"index","follow":"follow","max-snippet":"max-snippet:-1","max-image-preview":"max-image-preview:large","max-video-preview":"max-video-preview:-1"},"canonical":"https:\/\/www.innov-ia.com\/fr\/que-recherchez-vous\/","og_locale":"fr_FR","og_type":"article","og_title":"Trouvez vos solutions avec Innov'ia : Formulation et innovation","og_description":"Explorez les solutions Innov'ia pour r\u00e9pondre \u00e0 vos besoins en formulation d'ingr\u00e9dients.","og_url":"https:\/\/www.innov-ia.com\/fr\/que-recherchez-vous\/","og_site_name":"INNOV&#039;IA","article_modified_time":"2026-02-27T12:12:21+00:00","og_image":[{"width":190,"height":45,"url":"https:\/\/www.innov-ia.com\/wp-content\/uploads\/2021\/09\/logo-INNOVIA-corporate-190.jpg","type":"image\/jpeg"}],"schema":{"@context":"https:\/\/schema.org","@graph":[{"@type":"WebPage","@id":"https:\/\/www.innov-ia.com\/fr\/que-recherchez-vous\/","url":"https:\/\/www.innov-ia.com\/fr\/que-recherchez-vous\/","name":"Trouvez vos solutions avec Innov'ia : Formulation et innovation","isPartOf":{"@id":"https:\/\/www.innov-ia.com\/fr\/#website"},"datePublished":"2022-04-29T08:19:20+00:00","dateModified":"2026-02-27T12:12:21+00:00","description":"Explorez les solutions Innov'ia pour r\u00e9pondre \u00e0 vos besoins en formulation d'ingr\u00e9dients.","breadcrumb":{"@id":"https:\/\/www.innov-ia.com\/fr\/que-recherchez-vous\/#breadcrumb"},"inLanguage":"fr-FR","potentialAction":[{"@type":"ReadAction","target":["https:\/\/www.innov-ia.com\/fr\/que-recherchez-vous\/"]}]},{"@type":"BreadcrumbList","@id":"https:\/\/www.innov-ia.com\/fr\/que-recherchez-vous\/#breadcrumb","itemListElement":[{"@type":"ListItem","position":1,"name":"Accueil","item":"https:\/\/www.innov-ia.com\/fr\/"},{"@type":"ListItem","position":2,"name":"CONTACTER L\u2019EQUIPE INNOV\u2019IA"}]},{"@type":"WebSite","@id":"https:\/\/www.innov-ia.com\/fr\/#website","url":"https:\/\/www.innov-ia.com\/fr\/","name":"Innov'ia","description":"Research, Innovation &amp; Development","publisher":{"@id":"https:\/\/www.innov-ia.com\/fr\/#organization"},"potentialAction":[{"@type":"SearchAction","target":{"@type":"EntryPoint","urlTemplate":"https:\/\/www.innov-ia.com\/fr\/?s={search_term_string}"},"query-input":{"@type":"PropertyValueSpecification","valueRequired":true,"valueName":"search_term_string"}}],"inLanguage":"fr-FR"},{"@type":"Organization","@id":"https:\/\/www.innov-ia.com\/fr\/#organization","name":"INNOV'IA","url":"https:\/\/www.innov-ia.com\/fr\/","logo":{"@type":"ImageObject","inLanguage":"fr-FR","@id":"https:\/\/www.innov-ia.com\/fr\/#\/schema\/logo\/image\/","url":"https:\/\/www.innov-ia.com\/wp-content\/uploads\/2021\/09\/logo-INNOVIA-corporate-240.jpg","contentUrl":"https:\/\/www.innov-ia.com\/wp-content\/uploads\/2021\/09\/logo-INNOVIA-corporate-240.jpg","width":240,"height":56,"caption":"INNOV'IA"},"image":{"@id":"https:\/\/www.innov-ia.com\/fr\/#\/schema\/logo\/image\/"}}]}},"_links":{"self":[{"href":"https:\/\/www.innov-ia.com\/fr\/wp-json\/wp\/v2\/pages\/6907","targetHints":{"allow":["GET"]}}],"collection":[{"href":"https:\/\/www.innov-ia.com\/fr\/wp-json\/wp\/v2\/pages"}],"about":[{"href":"https:\/\/www.innov-ia.com\/fr\/wp-json\/wp\/v2\/types\/page"}],"author":[{"embeddable":true,"href":"https:\/\/www.innov-ia.com\/fr\/wp-json\/wp\/v2\/users\/10"}],"replies":[{"embeddable":true,"href":"https:\/\/www.innov-ia.com\/fr\/wp-json\/wp\/v2\/comments?post=6907"}],"version-history":[{"count":17,"href":"https:\/\/www.innov-ia.com\/fr\/wp-json\/wp\/v2\/pages\/6907\/revisions"}],"predecessor-version":[{"id":11943,"href":"https:\/\/www.innov-ia.com\/fr\/wp-json\/wp\/v2\/pages\/6907\/revisions\/11943"}],"wp:attachment":[{"href":"https:\/\/www.innov-ia.com\/fr\/wp-json\/wp\/v2\/media?parent=6907"}],"curies":[{"name":"wp","href":"https:\/\/api.w.org\/{rel}","templated":true}]}}