{"id":6883,"date":"2022-04-29T09:19:23","date_gmt":"2022-04-29T07:19:23","guid":{"rendered":"https:\/\/www.innov-ia.com\/?page_id=6883"},"modified":"2022-04-29T09:23:42","modified_gmt":"2022-04-29T07:23:42","slug":"confirmation-message","status":"publish","type":"page","link":"https:\/\/www.innov-ia.com\/fr\/confirmation-message\/","title":{"rendered":"Confirmation message"},"content":{"rendered":"<div class=\"fusion-fullwidth fullwidth-box fusion-builder-row-1 fusion-flex-container nonhundred-percent-fullwidth non-hundred-percent-height-scrolling\" style=\"--awb-border-radius-top-left:0px;--awb-border-radius-top-right:0px;--awb-border-radius-bottom-right:0px;--awb-border-radius-bottom-left:0px;--awb-flex-wrap:wrap;\" ><div class=\"fusion-builder-row fusion-row fusion-flex-align-items-flex-start fusion-flex-content-wrap\" style=\"max-width:1300px;margin-left: calc(-4% \/ 2 );margin-right: calc(-4% \/ 2 );\"><div class=\"fusion-layout-column fusion_builder_column fusion-builder-column-0 fusion_builder_column_1_1 1_1 fusion-flex-column\" style=\"--awb-bg-size:cover;--awb-width-large:100%;--awb-margin-top-large:0px;--awb-spacing-right-large:1.92%;--awb-margin-bottom-large:20px;--awb-spacing-left-large:1.92%;--awb-width-medium:100%;--awb-order-medium:0;--awb-spacing-right-medium:1.92%;--awb-spacing-left-medium:1.92%;--awb-width-small:100%;--awb-order-small:0;--awb-spacing-right-small:1.92%;--awb-spacing-left-small:1.92%;\"><div class=\"fusion-column-wrapper fusion-column-has-shadow fusion-flex-justify-content-flex-start fusion-content-layout-column\"><div class=\"fusion-text fusion-text-1\" style=\"--awb-content-alignment:center;--awb-font-size:20px;--awb-text-transform:none;\"><p>Merci pour votre message ! Nous vous recontacterons d\u00e8s que possible<\/p>\n<\/div><\/div><\/div><\/div><\/div>\n","protected":false},"excerpt":{"rendered":"","protected":false},"author":10,"featured_media":0,"parent":0,"menu_order":0,"comment_status":"closed","ping_status":"closed","template":"","meta":{"_acf_changed":false,"footnotes":""},"class_list":["post-6883","page","type-page","status-publish","hentry"],"acf":[],"yoast_head":"<!-- This site is optimized with the Yoast SEO plugin v27.5 - https:\/\/yoast.com\/product\/yoast-seo-wordpress\/ -->\n<title>Confirmation de message : merci d&#039;avoir contact\u00e9 Innov&#039;ia<\/title>\n<meta name=\"description\" content=\"Nous vous remercions de votre message ! Innov&#039;ia vous r\u00e9pondra dans les plus brefs d\u00e9lais pour discuter des besoins de votre projet.\" \/>\n<meta name=\"robots\" content=\"index, follow, max-snippet:-1, max-image-preview:large, max-video-preview:-1\" \/>\n<link rel=\"canonical\" href=\"https:\/\/www.innov-ia.com\/fr\/confirmation-message\/\" \/>\n<meta property=\"og:locale\" content=\"fr_FR\" \/>\n<meta property=\"og:type\" content=\"article\" \/>\n<meta property=\"og:title\" content=\"Confirmation de message : merci d&#039;avoir contact\u00e9 Innov&#039;ia\" \/>\n<meta property=\"og:description\" content=\"Nous vous remercions de votre message ! Innov&#039;ia vous r\u00e9pondra dans les plus brefs d\u00e9lais pour discuter des besoins de votre projet.\" \/>\n<meta property=\"og:url\" content=\"https:\/\/www.innov-ia.com\/fr\/confirmation-message\/\" \/>\n<meta property=\"og:site_name\" content=\"INNOV&#039;IA\" \/>\n<meta property=\"article:modified_time\" content=\"2022-04-29T07:23:42+00:00\" \/>\n<meta property=\"og:image\" content=\"https:\/\/www.innov-ia.com\/wp-content\/uploads\/2021\/09\/logo-INNOVIA-corporate-190.jpg\" \/>\n\t<meta property=\"og:image:width\" content=\"190\" \/>\n\t<meta property=\"og:image:height\" content=\"45\" \/>\n\t<meta property=\"og:image:type\" content=\"image\/jpeg\" \/>\n<script type=\"application\/ld+json\" class=\"yoast-schema-graph\">{\"@context\":\"https:\\\/\\\/schema.org\",\"@graph\":[{\"@type\":\"WebPage\",\"@id\":\"https:\\\/\\\/www.innov-ia.com\\\/fr\\\/confirmation-message\\\/\",\"url\":\"https:\\\/\\\/www.innov-ia.com\\\/fr\\\/confirmation-message\\\/\",\"name\":\"Confirmation de message : merci d'avoir contact\u00e9 Innov'ia\",\"isPartOf\":{\"@id\":\"https:\\\/\\\/www.innov-ia.com\\\/fr\\\/#website\"},\"datePublished\":\"2022-04-29T07:19:23+00:00\",\"dateModified\":\"2022-04-29T07:23:42+00:00\",\"description\":\"Nous vous remercions de votre message ! Innov'ia vous r\u00e9pondra dans les plus brefs d\u00e9lais pour discuter des besoins de votre projet.\",\"breadcrumb\":{\"@id\":\"https:\\\/\\\/www.innov-ia.com\\\/fr\\\/confirmation-message\\\/#breadcrumb\"},\"inLanguage\":\"fr-FR\",\"potentialAction\":[{\"@type\":\"ReadAction\",\"target\":[\"https:\\\/\\\/www.innov-ia.com\\\/fr\\\/confirmation-message\\\/\"]}]},{\"@type\":\"BreadcrumbList\",\"@id\":\"https:\\\/\\\/www.innov-ia.com\\\/fr\\\/confirmation-message\\\/#breadcrumb\",\"itemListElement\":[{\"@type\":\"ListItem\",\"position\":1,\"name\":\"Accueil\",\"item\":\"https:\\\/\\\/www.innov-ia.com\\\/fr\\\/\"},{\"@type\":\"ListItem\",\"position\":2,\"name\":\"Confirmation message\"}]},{\"@type\":\"WebSite\",\"@id\":\"https:\\\/\\\/www.innov-ia.com\\\/fr\\\/#website\",\"url\":\"https:\\\/\\\/www.innov-ia.com\\\/fr\\\/\",\"name\":\"Innov'ia\",\"description\":\"Research, Innovation &amp; Development\",\"publisher\":{\"@id\":\"https:\\\/\\\/www.innov-ia.com\\\/fr\\\/#organization\"},\"potentialAction\":[{\"@type\":\"SearchAction\",\"target\":{\"@type\":\"EntryPoint\",\"urlTemplate\":\"https:\\\/\\\/www.innov-ia.com\\\/fr\\\/?s={search_term_string}\"},\"query-input\":{\"@type\":\"PropertyValueSpecification\",\"valueRequired\":true,\"valueName\":\"search_term_string\"}}],\"inLanguage\":\"fr-FR\"},{\"@type\":\"Organization\",\"@id\":\"https:\\\/\\\/www.innov-ia.com\\\/fr\\\/#organization\",\"name\":\"INNOV'IA\",\"url\":\"https:\\\/\\\/www.innov-ia.com\\\/fr\\\/\",\"logo\":{\"@type\":\"ImageObject\",\"inLanguage\":\"fr-FR\",\"@id\":\"https:\\\/\\\/www.innov-ia.com\\\/fr\\\/#\\\/schema\\\/logo\\\/image\\\/\",\"url\":\"https:\\\/\\\/www.innov-ia.com\\\/wp-content\\\/uploads\\\/2021\\\/09\\\/logo-INNOVIA-corporate-240.jpg\",\"contentUrl\":\"https:\\\/\\\/www.innov-ia.com\\\/wp-content\\\/uploads\\\/2021\\\/09\\\/logo-INNOVIA-corporate-240.jpg\",\"width\":240,\"height\":56,\"caption\":\"INNOV'IA\"},\"image\":{\"@id\":\"https:\\\/\\\/www.innov-ia.com\\\/fr\\\/#\\\/schema\\\/logo\\\/image\\\/\"}}]}<\/script>\n<!-- \/ Yoast SEO plugin. -->","yoast_head_json":{"title":"Confirmation de message : merci d'avoir contact\u00e9 Innov'ia","description":"Nous vous remercions de votre message ! Innov'ia vous r\u00e9pondra dans les plus brefs d\u00e9lais pour discuter des besoins de votre projet.","robots":{"index":"index","follow":"follow","max-snippet":"max-snippet:-1","max-image-preview":"max-image-preview:large","max-video-preview":"max-video-preview:-1"},"canonical":"https:\/\/www.innov-ia.com\/fr\/confirmation-message\/","og_locale":"fr_FR","og_type":"article","og_title":"Confirmation de message : merci d'avoir contact\u00e9 Innov'ia","og_description":"Nous vous remercions de votre message ! Innov'ia vous r\u00e9pondra dans les plus brefs d\u00e9lais pour discuter des besoins de votre projet.","og_url":"https:\/\/www.innov-ia.com\/fr\/confirmation-message\/","og_site_name":"INNOV&#039;IA","article_modified_time":"2022-04-29T07:23:42+00:00","og_image":[{"width":190,"height":45,"url":"https:\/\/www.innov-ia.com\/wp-content\/uploads\/2021\/09\/logo-INNOVIA-corporate-190.jpg","type":"image\/jpeg"}],"schema":{"@context":"https:\/\/schema.org","@graph":[{"@type":"WebPage","@id":"https:\/\/www.innov-ia.com\/fr\/confirmation-message\/","url":"https:\/\/www.innov-ia.com\/fr\/confirmation-message\/","name":"Confirmation de message : merci d'avoir contact\u00e9 Innov'ia","isPartOf":{"@id":"https:\/\/www.innov-ia.com\/fr\/#website"},"datePublished":"2022-04-29T07:19:23+00:00","dateModified":"2022-04-29T07:23:42+00:00","description":"Nous vous remercions de votre message ! Innov'ia vous r\u00e9pondra dans les plus brefs d\u00e9lais pour discuter des besoins de votre projet.","breadcrumb":{"@id":"https:\/\/www.innov-ia.com\/fr\/confirmation-message\/#breadcrumb"},"inLanguage":"fr-FR","potentialAction":[{"@type":"ReadAction","target":["https:\/\/www.innov-ia.com\/fr\/confirmation-message\/"]}]},{"@type":"BreadcrumbList","@id":"https:\/\/www.innov-ia.com\/fr\/confirmation-message\/#breadcrumb","itemListElement":[{"@type":"ListItem","position":1,"name":"Accueil","item":"https:\/\/www.innov-ia.com\/fr\/"},{"@type":"ListItem","position":2,"name":"Confirmation message"}]},{"@type":"WebSite","@id":"https:\/\/www.innov-ia.com\/fr\/#website","url":"https:\/\/www.innov-ia.com\/fr\/","name":"Innov'ia","description":"Research, Innovation &amp; Development","publisher":{"@id":"https:\/\/www.innov-ia.com\/fr\/#organization"},"potentialAction":[{"@type":"SearchAction","target":{"@type":"EntryPoint","urlTemplate":"https:\/\/www.innov-ia.com\/fr\/?s={search_term_string}"},"query-input":{"@type":"PropertyValueSpecification","valueRequired":true,"valueName":"search_term_string"}}],"inLanguage":"fr-FR"},{"@type":"Organization","@id":"https:\/\/www.innov-ia.com\/fr\/#organization","name":"INNOV'IA","url":"https:\/\/www.innov-ia.com\/fr\/","logo":{"@type":"ImageObject","inLanguage":"fr-FR","@id":"https:\/\/www.innov-ia.com\/fr\/#\/schema\/logo\/image\/","url":"https:\/\/www.innov-ia.com\/wp-content\/uploads\/2021\/09\/logo-INNOVIA-corporate-240.jpg","contentUrl":"https:\/\/www.innov-ia.com\/wp-content\/uploads\/2021\/09\/logo-INNOVIA-corporate-240.jpg","width":240,"height":56,"caption":"INNOV'IA"},"image":{"@id":"https:\/\/www.innov-ia.com\/fr\/#\/schema\/logo\/image\/"}}]}},"_links":{"self":[{"href":"https:\/\/www.innov-ia.com\/fr\/wp-json\/wp\/v2\/pages\/6883","targetHints":{"allow":["GET"]}}],"collection":[{"href":"https:\/\/www.innov-ia.com\/fr\/wp-json\/wp\/v2\/pages"}],"about":[{"href":"https:\/\/www.innov-ia.com\/fr\/wp-json\/wp\/v2\/types\/page"}],"author":[{"embeddable":true,"href":"https:\/\/www.innov-ia.com\/fr\/wp-json\/wp\/v2\/users\/10"}],"replies":[{"embeddable":true,"href":"https:\/\/www.innov-ia.com\/fr\/wp-json\/wp\/v2\/comments?post=6883"}],"version-history":[{"count":0,"href":"https:\/\/www.innov-ia.com\/fr\/wp-json\/wp\/v2\/pages\/6883\/revisions"}],"wp:attachment":[{"href":"https:\/\/www.innov-ia.com\/fr\/wp-json\/wp\/v2\/media?parent=6883"}],"curies":[{"name":"wp","href":"https:\/\/api.w.org\/{rel}","templated":true}]}}