{"id":6110,"date":"2021-10-26T14:11:17","date_gmt":"2021-10-26T12:11:17","guid":{"rendered":"https:\/\/www.innov-ia.com\/marches\/specialites-techniques\/"},"modified":"2023-09-08T14:18:27","modified_gmt":"2023-09-08T12:18:27","slug":"specialites-techniques","status":"publish","type":"page","link":"https:\/\/www.innov-ia.com\/fr\/marches\/specialites-techniques\/","title":{"rendered":"Produits de sp\u00e9cialit\u00e9s"},"content":{"rendered":"<div class=\"fusion-fullwidth fullwidth-box fusion-builder-row-1 fusion-flex-container nonhundred-percent-fullwidth non-hundred-percent-height-scrolling blocstyle\" style=\"--awb-border-radius-top-left:0px;--awb-border-radius-top-right:0px;--awb-border-radius-bottom-right:0px;--awb-border-radius-bottom-left:0px;--awb-padding-top-small:2%;--awb-padding-bottom-small:2%;--awb-margin-top:60px;--awb-margin-bottom:80px;--awb-flex-wrap:wrap;\" ><div class=\"fusion-builder-row fusion-row fusion-flex-align-items-center fusion-flex-content-wrap\" style=\"max-width:1300px;margin-left: calc(-4% \/ 2 );margin-right: calc(-4% \/ 2 );\"><div class=\"fusion-layout-column fusion_builder_column fusion-builder-column-0 fusion_builder_column_2_5 2_5 fusion-flex-column fusion-animated\" style=\"--awb-padding-top:15%;--awb-padding-bottom:15%;--awb-bg-size:cover;--awb-width-large:40%;--awb-margin-top-large:0px;--awb-spacing-right-large:7.2%;--awb-margin-bottom-large:20px;--awb-spacing-left-large:4.8%;--awb-width-medium:40%;--awb-order-medium:0;--awb-spacing-right-medium:7.2%;--awb-spacing-left-medium:4.8%;--awb-width-small:100%;--awb-order-small:0;--awb-spacing-right-small:0px;--awb-spacing-left-small:0px;\" data-animationType=\"fadeInLeft\" data-animationDuration=\"1.0\" data-animationOffset=\"top-into-view\"><div class=\"fusion-column-wrapper fusion-column-has-shadow fusion-flex-justify-content-flex-start fusion-content-layout-column\"><div class=\"fusion-image-element \" style=\"text-align:right;--awb-caption-title-font-family:var(--h2_typography-font-family);--awb-caption-title-font-weight:var(--h2_typography-font-weight);--awb-caption-title-font-style:var(--h2_typography-font-style);--awb-caption-title-size:var(--h2_typography-font-size);--awb-caption-title-transform:var(--h2_typography-text-transform);--awb-caption-title-line-height:var(--h2_typography-line-height);--awb-caption-title-letter-spacing:var(--h2_typography-letter-spacing);\"><span class=\" fusion-imageframe imageframe-none imageframe-1 hover-type-none imagefonddroite\"><img alt=\"technologies sp\u00e9cifiques pour produits de sp\u00e9cialit\u00e9\" class=\"lazyload img-responsive wp-image-8800\"\/><\/span><\/div><\/div><\/div><div class=\"fusion-layout-column fusion_builder_column fusion-builder-column-1 fusion_builder_column_3_5 3_5 fusion-flex-column fusion-flex-align-self-center fusion-animated\" style=\"--awb-padding-top:5%;--awb-padding-right:8%;--awb-padding-bottom:5%;--awb-bg-color:#005694;--awb-bg-color-hover:#005694;--awb-bg-size:cover;--awb-width-large:60%;--awb-margin-top-large:20px;--awb-spacing-right-large:3.2%;--awb-margin-bottom-large:20px;--awb-spacing-left-large:3.2%;--awb-width-medium:60%;--awb-order-medium:0;--awb-spacing-right-medium:3.2%;--awb-spacing-left-medium:3.2%;--awb-width-small:100%;--awb-order-small:0;--awb-spacing-right-small:1.92%;--awb-spacing-left-small:1.92%;\" data-animationType=\"fadeInRight\" data-animationDuration=\"1.5\" data-animationOffset=\"top-into-view\"><div class=\"fusion-column-wrapper fusion-column-has-shadow fusion-flex-justify-content-flex-start fusion-content-layout-column\"><div class=\"fusion-text fusion-text-1\" style=\"--awb-text-color:#ffffff;\"><p>INNOV'IA et ses filiales sont pr\u00e9sents sur les march\u00e9s techniques pour r\u00e9pondre \u00e0 des besoins sp\u00e9cifiques. Les march\u00e9s de sp\u00e9cialit\u00e9s sont en pleine \u00e9volution avec l'arriv\u00e9e de contraintes r\u00e9glementaires fortes n\u00e9cessitant l'utilisation de solutions respectueuses de l'environnement.<\/p>\n<p>Dans ce contexte, <a href=\"https:\/\/www.innov-ia.com\/fr\/capsulae\/\">Capsulae <\/a>a d\u00e9velopp\u00e9 une expertise et un savoir-faire unique dans la mise au point de proc\u00e9d\u00e9s d'encapsulation utilisant des mat\u00e9riaux biod\u00e9gradables, limitant l'emploi de solvants organiques toxiques (e.g., solution propri\u00e9taire \u00ab\u00a0microplastic-free\u00a0\u00bb CapsuCaps\u2122). Ces proc\u00e9d\u00e9s trouvent des applications dans de nombreux secteurs, notamment ceux de la protection des cultures et du biocontr\u00f4le o\u00f9 la formulation des actifs permet d'am\u00e9liorer l'efficacit\u00e9 de la mati\u00e8re, de diminuer la dose appliqu\u00e9e, de faciliter l'utilisation et l'application du produit.<\/p>\n<p>Que ce soit pour faciliter la mise en \u0153uvre d'un actif chimique, am\u00e9liorer son efficacit\u00e9, ou encore permettre son association avec un compos\u00e9 incompatible, les technologies de formulation d'INNOV'IA et ses filiales permettent de r\u00e9pondre aux enjeux de nombreux march\u00e9s :<\/p>\n<ul>\n<li>\n<ul>\n<li data-leveltext=\"\uf0b7\" data-font=\"Symbol\" data-listid=\"5\" data-list-defn-props=\"\" aria-setsize=\"-1\" data-aria-posinset=\"2\" data-aria-level=\"1\"><span data-contrast=\"none\">Insecticides et fongicides<\/span><span data-ccp-props=\"\">\u00a0<\/span><\/li>\n<li data-leveltext=\"\uf0b7\" data-font=\"Symbol\" data-listid=\"5\" data-list-defn-props=\"\" aria-setsize=\"-1\" data-aria-posinset=\"3\" data-aria-level=\"1\"><span data-contrast=\"none\">Herbicides et engrais<\/span><span data-ccp-props=\"\">\u00a0<\/span><\/li>\n<li data-leveltext=\"\uf0b7\" data-font=\"Symbol\" data-listid=\"5\" data-list-defn-props=\"\" aria-setsize=\"-1\" data-aria-posinset=\"4\" data-aria-level=\"1\"><span data-contrast=\"none\">R\u00e9pulsifs et larvicides<\/span><span data-ccp-props=\"\">\u00a0<\/span><\/li>\n<\/ul>\n<ul>\n<li data-leveltext=\"\uf0b7\" data-font=\"Symbol\" data-listid=\"5\" data-list-defn-props=\"\" aria-setsize=\"-1\" data-aria-posinset=\"1\" data-aria-level=\"1\"><span data-contrast=\"none\">Traitement de l'air, de l'eau, du sol<\/span><span data-ccp-props=\"\">\u00a0<\/span><\/li>\n<li data-leveltext=\"\uf0b7\" data-font=\"Symbol\" data-listid=\"5\" data-list-defn-props=\"\" aria-setsize=\"-1\" data-aria-posinset=\"2\" data-aria-level=\"1\"><span data-contrast=\"none\">Produits de bio nutrition, bio stimulation et biocontr\u00f4le<\/span><span data-ccp-props=\"\">\u00a0<\/span><\/li>\n<li data-leveltext=\"\uf0b7\" data-font=\"Symbol\" data-listid=\"5\" data-list-defn-props=\"\" aria-setsize=\"-1\" data-aria-posinset=\"3\" data-aria-level=\"1\"><span data-contrast=\"none\">Produits d'entretien et de d\u00e9tergence<\/span><span data-contrast=\"none\">s<\/span><span data-ccp-props=\"\">\u00a0<\/span><\/li>\n<li data-leveltext=\"\uf0b7\" data-font=\"Symbol\" data-listid=\"5\" data-list-defn-props=\"\" aria-setsize=\"-1\" data-aria-posinset=\"4\" data-aria-level=\"1\"><span data-contrast=\"none\">Mat\u00e9riaux de construction<\/span><span data-ccp-props=\"\">\u00a0<\/span><\/li>\n<li data-leveltext=\"\uf0b7\" data-font=\"Symbol\" data-listid=\"5\" data-list-defn-props=\"\" aria-setsize=\"-1\" data-aria-posinset=\"5\" data-aria-level=\"1\"><span data-contrast=\"none\">Mat\u00e9riaux auto-r\u00e9parants et \u00e0 changement de phase<\/span><span data-ccp-props=\"\">\u00a0<\/span><\/li>\n<\/ul>\n<ul>\n<li data-leveltext=\"\uf0b7\" data-font=\"Symbol\" data-listid=\"5\" data-list-defn-props=\"\" aria-setsize=\"-1\" data-aria-posinset=\"1\" data-aria-level=\"1\"><span data-contrast=\"none\">Automobile<\/span><span data-ccp-props=\"\">\u00a0<\/span><\/li>\n<li data-leveltext=\"\uf0b7\" data-font=\"Symbol\" data-listid=\"5\" data-list-defn-props=\"\" aria-setsize=\"-1\" data-aria-posinset=\"2\" data-aria-level=\"1\"><span data-contrast=\"none\">Peintures et traitements de surface<\/span><span data-ccp-props=\"\">\u00a0<\/span><\/li>\n<li data-leveltext=\"\uf0b7\" data-font=\"Symbol\" data-listid=\"5\" data-list-defn-props=\"\" aria-setsize=\"-1\" data-aria-posinset=\"3\" data-aria-level=\"1\"><span data-contrast=\"none\">E<\/span><span data-contrast=\"none\">tc<\/span><span data-contrast=\"none\">\u2026.<\/span><span data-ccp-props=\"\">\u00a0<\/span><\/li>\n<\/ul>\n<\/li>\n<\/ul>\n<\/div><\/div><\/div><\/div><\/div>\n","protected":false},"excerpt":{"rendered":"","protected":false},"author":10,"featured_media":0,"parent":5882,"menu_order":0,"comment_status":"closed","ping_status":"closed","template":"","meta":{"_acf_changed":false,"footnotes":""},"class_list":["post-6110","page","type-page","status-publish","hentry"],"acf":[],"yoast_head":"<!-- This site is optimized with the Yoast SEO plugin v27.5 - https:\/\/yoast.com\/product\/yoast-seo-wordpress\/ -->\n<title>Sp\u00e9cialit\u00e9s techniques : Formulation sur mesure Innov&#039;ia<\/title>\n<meta name=\"description\" content=\"Innov&#039;ia propose des solutions de formulation avanc\u00e9es pour des sp\u00e9cialit\u00e9s techniques sp\u00e9cifiques.\" \/>\n<meta name=\"robots\" content=\"index, follow, max-snippet:-1, max-image-preview:large, max-video-preview:-1\" \/>\n<link rel=\"canonical\" href=\"https:\/\/www.innov-ia.com\/fr\/marches\/specialites-techniques\/\" \/>\n<meta property=\"og:locale\" content=\"fr_FR\" \/>\n<meta property=\"og:type\" content=\"article\" \/>\n<meta property=\"og:title\" content=\"Sp\u00e9cialit\u00e9s techniques : Formulation sur mesure Innov&#039;ia\" \/>\n<meta property=\"og:description\" content=\"Innov&#039;ia propose des solutions de formulation avanc\u00e9es pour des sp\u00e9cialit\u00e9s techniques sp\u00e9cifiques.\" \/>\n<meta property=\"og:url\" content=\"https:\/\/www.innov-ia.com\/fr\/marches\/specialites-techniques\/\" \/>\n<meta property=\"og:site_name\" content=\"INNOV&#039;IA\" \/>\n<meta property=\"article:modified_time\" content=\"2023-09-08T12:18:27+00:00\" \/>\n<meta property=\"og:image\" content=\"https:\/\/www.innov-ia.com\/wp-content\/uploads\/2021\/09\/logo-INNOVIA-corporate-190.jpg\" \/>\n\t<meta property=\"og:image:width\" content=\"190\" \/>\n\t<meta property=\"og:image:height\" content=\"45\" \/>\n\t<meta property=\"og:image:type\" content=\"image\/jpeg\" \/>\n<script type=\"application\/ld+json\" class=\"yoast-schema-graph\">{\"@context\":\"https:\\\/\\\/schema.org\",\"@graph\":[{\"@type\":\"WebPage\",\"@id\":\"https:\\\/\\\/www.innov-ia.com\\\/fr\\\/marches\\\/specialites-techniques\\\/\",\"url\":\"https:\\\/\\\/www.innov-ia.com\\\/fr\\\/marches\\\/specialites-techniques\\\/\",\"name\":\"Sp\u00e9cialit\u00e9s techniques : Formulation sur mesure Innov'ia\",\"isPartOf\":{\"@id\":\"https:\\\/\\\/www.innov-ia.com\\\/fr\\\/#website\"},\"datePublished\":\"2021-10-26T12:11:17+00:00\",\"dateModified\":\"2023-09-08T12:18:27+00:00\",\"description\":\"Innov'ia propose des solutions de formulation avanc\u00e9es pour des sp\u00e9cialit\u00e9s techniques sp\u00e9cifiques.\",\"breadcrumb\":{\"@id\":\"https:\\\/\\\/www.innov-ia.com\\\/fr\\\/marches\\\/specialites-techniques\\\/#breadcrumb\"},\"inLanguage\":\"fr-FR\",\"potentialAction\":[{\"@type\":\"ReadAction\",\"target\":[\"https:\\\/\\\/www.innov-ia.com\\\/fr\\\/marches\\\/specialites-techniques\\\/\"]}]},{\"@type\":\"BreadcrumbList\",\"@id\":\"https:\\\/\\\/www.innov-ia.com\\\/fr\\\/marches\\\/specialites-techniques\\\/#breadcrumb\",\"itemListElement\":[{\"@type\":\"ListItem\",\"position\":1,\"name\":\"Accueil\",\"item\":\"https:\\\/\\\/www.innov-ia.com\\\/fr\\\/\"},{\"@type\":\"ListItem\",\"position\":2,\"name\":\"March\u00e9s\",\"item\":\"https:\\\/\\\/www.innov-ia.com\\\/fr\\\/marches\\\/\"},{\"@type\":\"ListItem\",\"position\":3,\"name\":\"Produits de sp\u00e9cialit\u00e9s\"}]},{\"@type\":\"WebSite\",\"@id\":\"https:\\\/\\\/www.innov-ia.com\\\/fr\\\/#website\",\"url\":\"https:\\\/\\\/www.innov-ia.com\\\/fr\\\/\",\"name\":\"Innov'ia\",\"description\":\"Research, Innovation &amp; Development\",\"publisher\":{\"@id\":\"https:\\\/\\\/www.innov-ia.com\\\/fr\\\/#organization\"},\"potentialAction\":[{\"@type\":\"SearchAction\",\"target\":{\"@type\":\"EntryPoint\",\"urlTemplate\":\"https:\\\/\\\/www.innov-ia.com\\\/fr\\\/?s={search_term_string}\"},\"query-input\":{\"@type\":\"PropertyValueSpecification\",\"valueRequired\":true,\"valueName\":\"search_term_string\"}}],\"inLanguage\":\"fr-FR\"},{\"@type\":\"Organization\",\"@id\":\"https:\\\/\\\/www.innov-ia.com\\\/fr\\\/#organization\",\"name\":\"INNOV'IA\",\"url\":\"https:\\\/\\\/www.innov-ia.com\\\/fr\\\/\",\"logo\":{\"@type\":\"ImageObject\",\"inLanguage\":\"fr-FR\",\"@id\":\"https:\\\/\\\/www.innov-ia.com\\\/fr\\\/#\\\/schema\\\/logo\\\/image\\\/\",\"url\":\"https:\\\/\\\/www.innov-ia.com\\\/wp-content\\\/uploads\\\/2021\\\/09\\\/logo-INNOVIA-corporate-240.jpg\",\"contentUrl\":\"https:\\\/\\\/www.innov-ia.com\\\/wp-content\\\/uploads\\\/2021\\\/09\\\/logo-INNOVIA-corporate-240.jpg\",\"width\":240,\"height\":56,\"caption\":\"INNOV'IA\"},\"image\":{\"@id\":\"https:\\\/\\\/www.innov-ia.com\\\/fr\\\/#\\\/schema\\\/logo\\\/image\\\/\"}}]}<\/script>\n<!-- \/ Yoast SEO plugin. -->","yoast_head_json":{"title":"Sp\u00e9cialit\u00e9s techniques : Formulation sur mesure Innov'ia","description":"Innov'ia propose des solutions de formulation avanc\u00e9es pour des sp\u00e9cialit\u00e9s techniques sp\u00e9cifiques.","robots":{"index":"index","follow":"follow","max-snippet":"max-snippet:-1","max-image-preview":"max-image-preview:large","max-video-preview":"max-video-preview:-1"},"canonical":"https:\/\/www.innov-ia.com\/fr\/marches\/specialites-techniques\/","og_locale":"fr_FR","og_type":"article","og_title":"Sp\u00e9cialit\u00e9s techniques : Formulation sur mesure Innov'ia","og_description":"Innov'ia propose des solutions de formulation avanc\u00e9es pour des sp\u00e9cialit\u00e9s techniques sp\u00e9cifiques.","og_url":"https:\/\/www.innov-ia.com\/fr\/marches\/specialites-techniques\/","og_site_name":"INNOV&#039;IA","article_modified_time":"2023-09-08T12:18:27+00:00","og_image":[{"width":190,"height":45,"url":"https:\/\/www.innov-ia.com\/wp-content\/uploads\/2021\/09\/logo-INNOVIA-corporate-190.jpg","type":"image\/jpeg"}],"schema":{"@context":"https:\/\/schema.org","@graph":[{"@type":"WebPage","@id":"https:\/\/www.innov-ia.com\/fr\/marches\/specialites-techniques\/","url":"https:\/\/www.innov-ia.com\/fr\/marches\/specialites-techniques\/","name":"Sp\u00e9cialit\u00e9s techniques : Formulation sur mesure Innov'ia","isPartOf":{"@id":"https:\/\/www.innov-ia.com\/fr\/#website"},"datePublished":"2021-10-26T12:11:17+00:00","dateModified":"2023-09-08T12:18:27+00:00","description":"Innov'ia propose des solutions de formulation avanc\u00e9es pour des sp\u00e9cialit\u00e9s techniques sp\u00e9cifiques.","breadcrumb":{"@id":"https:\/\/www.innov-ia.com\/fr\/marches\/specialites-techniques\/#breadcrumb"},"inLanguage":"fr-FR","potentialAction":[{"@type":"ReadAction","target":["https:\/\/www.innov-ia.com\/fr\/marches\/specialites-techniques\/"]}]},{"@type":"BreadcrumbList","@id":"https:\/\/www.innov-ia.com\/fr\/marches\/specialites-techniques\/#breadcrumb","itemListElement":[{"@type":"ListItem","position":1,"name":"Accueil","item":"https:\/\/www.innov-ia.com\/fr\/"},{"@type":"ListItem","position":2,"name":"March\u00e9s","item":"https:\/\/www.innov-ia.com\/fr\/marches\/"},{"@type":"ListItem","position":3,"name":"Produits de sp\u00e9cialit\u00e9s"}]},{"@type":"WebSite","@id":"https:\/\/www.innov-ia.com\/fr\/#website","url":"https:\/\/www.innov-ia.com\/fr\/","name":"Innov'ia","description":"Research, Innovation &amp; Development","publisher":{"@id":"https:\/\/www.innov-ia.com\/fr\/#organization"},"potentialAction":[{"@type":"SearchAction","target":{"@type":"EntryPoint","urlTemplate":"https:\/\/www.innov-ia.com\/fr\/?s={search_term_string}"},"query-input":{"@type":"PropertyValueSpecification","valueRequired":true,"valueName":"search_term_string"}}],"inLanguage":"fr-FR"},{"@type":"Organization","@id":"https:\/\/www.innov-ia.com\/fr\/#organization","name":"INNOV'IA","url":"https:\/\/www.innov-ia.com\/fr\/","logo":{"@type":"ImageObject","inLanguage":"fr-FR","@id":"https:\/\/www.innov-ia.com\/fr\/#\/schema\/logo\/image\/","url":"https:\/\/www.innov-ia.com\/wp-content\/uploads\/2021\/09\/logo-INNOVIA-corporate-240.jpg","contentUrl":"https:\/\/www.innov-ia.com\/wp-content\/uploads\/2021\/09\/logo-INNOVIA-corporate-240.jpg","width":240,"height":56,"caption":"INNOV'IA"},"image":{"@id":"https:\/\/www.innov-ia.com\/fr\/#\/schema\/logo\/image\/"}}]}},"_links":{"self":[{"href":"https:\/\/www.innov-ia.com\/fr\/wp-json\/wp\/v2\/pages\/6110","targetHints":{"allow":["GET"]}}],"collection":[{"href":"https:\/\/www.innov-ia.com\/fr\/wp-json\/wp\/v2\/pages"}],"about":[{"href":"https:\/\/www.innov-ia.com\/fr\/wp-json\/wp\/v2\/types\/page"}],"author":[{"embeddable":true,"href":"https:\/\/www.innov-ia.com\/fr\/wp-json\/wp\/v2\/users\/10"}],"replies":[{"embeddable":true,"href":"https:\/\/www.innov-ia.com\/fr\/wp-json\/wp\/v2\/comments?post=6110"}],"version-history":[{"count":0,"href":"https:\/\/www.innov-ia.com\/fr\/wp-json\/wp\/v2\/pages\/6110\/revisions"}],"up":[{"embeddable":true,"href":"https:\/\/www.innov-ia.com\/fr\/wp-json\/wp\/v2\/pages\/5882"}],"wp:attachment":[{"href":"https:\/\/www.innov-ia.com\/fr\/wp-json\/wp\/v2\/media?parent=6110"}],"curies":[{"name":"wp","href":"https:\/\/api.w.org\/{rel}","templated":true}]}}