{"id":5763,"date":"2021-10-18T14:36:56","date_gmt":"2021-10-18T12:36:56","guid":{"rendered":"https:\/\/www.innov-ia.com\/purchases-policies\/"},"modified":"2023-05-04T13:30:43","modified_gmt":"2023-05-04T11:30:43","slug":"politiques-dachat","status":"publish","type":"page","link":"https:\/\/www.innov-ia.com\/fr\/politiques-dachat\/","title":{"rendered":"Politique Achats"},"content":{"rendered":"<div class=\"fusion-fullwidth fullwidth-box fusion-builder-row-1 fusion-flex-container has-pattern-background has-mask-background nonhundred-percent-fullwidth non-hundred-percent-height-scrolling\" style=\"--awb-border-radius-top-left:0px;--awb-border-radius-top-right:0px;--awb-border-radius-bottom-right:0px;--awb-border-radius-bottom-left:0px;--awb-flex-wrap:wrap;\" ><div class=\"fusion-builder-row fusion-row fusion-flex-align-items-center fusion-flex-justify-content-center fusion-flex-content-wrap\" style=\"max-width:1300px;margin-left: calc(-4% \/ 2 );margin-right: calc(-4% \/ 2 );\"><div class=\"fusion-layout-column fusion_builder_column fusion-builder-column-0 fusion_builder_column_1_1 1_1 fusion-flex-column\" style=\"--awb-bg-size:cover;--awb-width-large:100%;--awb-margin-top-large:0px;--awb-spacing-right-large:1.92%;--awb-margin-bottom-large:20px;--awb-spacing-left-large:1.92%;--awb-width-medium:100%;--awb-order-medium:0;--awb-spacing-right-medium:1.92%;--awb-spacing-left-medium:1.92%;--awb-width-small:100%;--awb-order-small:0;--awb-spacing-right-small:1.92%;--awb-spacing-left-small:1.92%;\"><div class=\"fusion-column-wrapper fusion-column-has-shadow fusion-flex-justify-content-flex-start fusion-content-layout-column\"><div class=\"fusion-text fusion-text-1\"><p style=\"text-align: center;\">La <span class=\"mark3bh7c2m13\" data-markjs=\"true\" data-ogac=\"\" data-ogab=\"\" data-ogsc=\"\" data-ogsb=\"\">politique<\/span>\u00a0<span class=\"markl4ggwrgdu\" data-markjs=\"true\" data-ogac=\"\" data-ogab=\"\" data-ogsc=\"\" data-ogsb=\"\">Achat<\/span>s Innov\u2019ia\u00a0et filiales\u00a0s\u2019inscrit dans la\u00a0<span class=\"mark3bh7c2m13\" data-markjs=\"true\" data-ogac=\"\" data-ogab=\"\" data-ogsc=\"\" data-ogsb=\"\">politique<\/span>\u00a0g\u00e9n\u00e9rale de l\u2019entreprise et\u00a0d\u00e9finit la mission de la structure\u00a0<span class=\"markl4ggwrgdu\" data-markjs=\"true\" data-ogac=\"\" data-ogab=\"\" data-ogsc=\"\" data-ogsb=\"\">Achat<\/span>s, sa strat\u00e9gie et ses objectifs \u00e0 moyen et long terme ainsi que les principes r\u00e9gissant les\u00a0<span class=\"markl4ggwrgdu\" data-markjs=\"true\" data-ogac=\"\" data-ogab=\"\" data-ogsc=\"\" data-ogsb=\"\">achat<\/span>s et approvisionnements de biens et services au sein d\u2019Innov\u2019ia\u00a0et filiales.<\/p>\n<p>Cette\u00a0<span class=\"mark3bh7c2m13\" data-markjs=\"true\" data-ogac=\"\" data-ogab=\"\" data-ogsc=\"\" data-ogsb=\"\">politique<\/span>\u00a0s\u2019applique \u00e0 toutes les personnes impliqu\u00e9es dans le processus d\u2019<span class=\"markl4ggwrgdu\" data-markjs=\"true\" data-ogac=\"\" data-ogab=\"\" data-ogsc=\"\" data-ogsb=\"\">achat<\/span>\u00a0et d\u2019approvisionnement.<\/p>\n<p>Le d\u00e9partement\u00a0<span class=\"markl4ggwrgdu\" data-markjs=\"true\" data-ogac=\"\" data-ogab=\"\" data-ogsc=\"\" data-ogsb=\"\">Achat<\/span>s est responsable de la mise en \u0153uvre de cette\u00a0<span class=\"mark3bh7c2m13\" data-markjs=\"true\" data-ogac=\"\" data-ogab=\"\" data-ogsc=\"\" data-ogsb=\"\">politique<\/span>\u00a0et de veiller \u00e0 ce que tous les employ\u00e9s connaissent et respectent les principes \u00e9nonc\u00e9s dans ce document et les proc\u00e9dures et instructions en d\u00e9coulant.<\/p>\n<p>Elle fait l\u2019objet d\u2019une r\u00e9vision annuelle, afin de\u202f:<\/p>\n<ul type=\"disc\">\n<li>Prendre\u00a0en compte les \u00e9volutions de l\u2019environnement externe<\/li>\n<li>Prendre en compte d\u2019\u00e9ventuels changements d\u2019organisation interne et\/ou de la strat\u00e9gie globale d\u2019Innov\u2019ia\u00a0et ses filiales.<\/li>\n<li>Evaluer le respect de cette\u00a0<span class=\"mark3bh7c2m13\" data-markjs=\"true\" data-ogac=\"\" data-ogab=\"\" data-ogsc=\"\" data-ogsb=\"\">politique<\/span><\/li>\n<li>Proposer des am\u00e9liorations afin que cette\u00a0<span class=\"mark3bh7c2m13\" data-markjs=\"true\" data-ogac=\"\" data-ogab=\"\" data-ogsc=\"\" data-ogsb=\"\">politique<\/span> demeure pertinente et efficace<\/li>\n<\/ul>\n<div><\/div>\n<\/div><div class=\"fusion-text fusion-text-2\"><h4>MISSION DU SERVICE ACHATS<\/h4>\n<\/div><div class=\"fusion-text fusion-text-3\"><p>Elle peut \u00eatre d\u00e9finie comme la ma\u00eetrise globale des risques, et l\u2019optimisation des co\u00fbts de possession\u00a0(co\u00fbts d\u2019<span class=\"markl4ggwrgdu\" data-markjs=\"true\" data-ogac=\"\" data-ogab=\"\" data-ogsc=\"\" data-ogsb=\"\">achat<\/span>s + co\u00fbt li\u00e9 \u00e0 la maintenance du bien ou service et gestion de la fin de vie du produit)\u00a0des biens et services n\u00e9cessaires au fonctionnement et au d\u00e9veloppement de l\u2019entreprise, dans le strict respect de sa Charte\u00a0<span class=\"markl4ggwrgdu\" data-markjs=\"true\" data-ogac=\"\" data-ogab=\"\" data-ogsc=\"\" data-ogsb=\"\">Achat<\/span>s Responsables, elle-m\u00eame partie int\u00e9grante de la strat\u00e9gie RSE Groupe.<\/p>\n<\/div><div class=\"fusion-text fusion-text-4\"><h4>STRATEGIE<\/h4>\n<\/div><div class=\"fusion-text fusion-text-5\"><div>\n<p>Elle s\u2019articule autour des axes suivants\u202f:<\/p>\n<\/div>\n<ul>\n<li>La performance \u00e9conomique des\u00a0<span class=\"markl4ggwrgdu\" data-markjs=\"true\" data-ogac=\"\" data-ogab=\"\" data-ogsc=\"\" data-ogsb=\"\">achat<\/span>s<\/li>\n<li>L\u2019int\u00e9gration de cette performance \u00e9conomique de l\u2019<span class=\"markl4ggwrgdu\" data-markjs=\"true\" data-ogac=\"\" data-ogab=\"\" data-ogsc=\"\" data-ogsb=\"\">achat<\/span>\u00a0dans la construction budg\u00e9taire<\/li>\n<li>La ma\u00eetrise des risques contractuels<\/li>\n<li>La construction de relations partenariales avec l\u2019essentiel de nos fournisseurs, afin de favoriser des engagements \u00e0 long terme et une coop\u00e9ration tant \u00e9conomique que technologique<\/li>\n<li>La prise en compte des enjeux de d\u00e9veloppement durable et de responsabilit\u00e9 soci\u00e9tale<\/li>\n<\/ul>\n<\/div><div class=\"fusion-text fusion-text-6\"><h4>OBJECTIFS MOYEN TERME<\/h4>\n<\/div><div class=\"fusion-text fusion-text-7\"><ul type=\"disc\">\n<li>Mise en place d\u2019une charte\u00a0<span class=\"markl4ggwrgdu\" data-markjs=\"true\" data-ogac=\"\" data-ogab=\"\" data-ogsc=\"\" data-ogsb=\"\">Achat<\/span>s Responsables<\/li>\n<li>Globalisation des\u00a0<span class=\"markl4ggwrgdu\" data-markjs=\"true\" data-ogac=\"\" data-ogab=\"\" data-ogsc=\"\" data-ogsb=\"\">achat<\/span>s de l\u2019ensemble des entit\u00e9s afin d\u2019obtenir les conditions \u00e9conomiques les plus favorables<\/li>\n<li>Contractualisation \u00e9quilibr\u00e9e de nos\u00a0<span class=\"markl4ggwrgdu\" data-markjs=\"true\" data-ogac=\"\" data-ogab=\"\" data-ogsc=\"\" data-ogsb=\"\">achat<\/span>s projets et critiques<\/li>\n<li>Am\u00e9lioration de la qualit\u00e9 de l\u2019expression de besoins<\/li>\n<li>Ma\u00eetrise des co\u00fbts de possession et analyse des consommations<\/li>\n<li>D\u00e9veloppement et suivi d\u2019une relation partenariale avec nos principaux fournisseurs<\/li>\n<li>D\u00e9veloppement de plans d\u2019am\u00e9lioration co-g\u00e9r\u00e9s\u00a0avec ces m\u00eames partenaires<\/li>\n<\/ul>\n<\/div><\/div><\/div><\/div><\/div>\n","protected":false},"excerpt":{"rendered":"","protected":false},"author":10,"featured_media":0,"parent":0,"menu_order":0,"comment_status":"closed","ping_status":"closed","template":"","meta":{"_acf_changed":false,"footnotes":""},"class_list":["post-5763","page","type-page","status-publish","hentry"],"acf":[],"yoast_head":"<!-- This site is optimized with the Yoast SEO plugin v27.5 - https:\/\/yoast.com\/product\/yoast-seo-wordpress\/ -->\n<title>Politiques d&#039;achat : Transparence et engagement chez Innov&#039;ia<\/title>\n<meta name=\"description\" content=\"Consultez les politiques d&#039;achat d&#039;Innov&#039;ia, garantissant une relation commerciale \u00e9thique et transparente.\" \/>\n<meta name=\"robots\" content=\"index, follow, max-snippet:-1, max-image-preview:large, max-video-preview:-1\" \/>\n<link rel=\"canonical\" href=\"https:\/\/www.innov-ia.com\/fr\/politiques-dachat\/\" \/>\n<meta property=\"og:locale\" content=\"fr_FR\" \/>\n<meta property=\"og:type\" content=\"article\" \/>\n<meta property=\"og:title\" content=\"Politiques d&#039;achat : Transparence et engagement chez Innov&#039;ia\" \/>\n<meta property=\"og:description\" content=\"Consultez les politiques d&#039;achat d&#039;Innov&#039;ia, garantissant une relation commerciale \u00e9thique et transparente.\" \/>\n<meta property=\"og:url\" content=\"https:\/\/www.innov-ia.com\/fr\/politiques-dachat\/\" \/>\n<meta property=\"og:site_name\" content=\"INNOV&#039;IA\" \/>\n<meta property=\"article:modified_time\" content=\"2023-05-04T11:30:43+00:00\" \/>\n<meta property=\"og:image\" content=\"https:\/\/www.innov-ia.com\/wp-content\/uploads\/2021\/09\/logo-INNOVIA-corporate-190.jpg\" \/>\n\t<meta property=\"og:image:width\" content=\"190\" \/>\n\t<meta property=\"og:image:height\" content=\"45\" \/>\n\t<meta property=\"og:image:type\" content=\"image\/jpeg\" \/>\n<script type=\"application\/ld+json\" class=\"yoast-schema-graph\">{\"@context\":\"https:\\\/\\\/schema.org\",\"@graph\":[{\"@type\":\"WebPage\",\"@id\":\"https:\\\/\\\/www.innov-ia.com\\\/fr\\\/politiques-dachat\\\/\",\"url\":\"https:\\\/\\\/www.innov-ia.com\\\/fr\\\/politiques-dachat\\\/\",\"name\":\"Politiques d'achat : Transparence et engagement chez Innov'ia\",\"isPartOf\":{\"@id\":\"https:\\\/\\\/www.innov-ia.com\\\/fr\\\/#website\"},\"datePublished\":\"2021-10-18T12:36:56+00:00\",\"dateModified\":\"2023-05-04T11:30:43+00:00\",\"description\":\"Consultez les politiques d'achat d'Innov'ia, garantissant une relation commerciale \u00e9thique et transparente.\",\"breadcrumb\":{\"@id\":\"https:\\\/\\\/www.innov-ia.com\\\/fr\\\/politiques-dachat\\\/#breadcrumb\"},\"inLanguage\":\"fr-FR\",\"potentialAction\":[{\"@type\":\"ReadAction\",\"target\":[\"https:\\\/\\\/www.innov-ia.com\\\/fr\\\/politiques-dachat\\\/\"]}]},{\"@type\":\"BreadcrumbList\",\"@id\":\"https:\\\/\\\/www.innov-ia.com\\\/fr\\\/politiques-dachat\\\/#breadcrumb\",\"itemListElement\":[{\"@type\":\"ListItem\",\"position\":1,\"name\":\"Accueil\",\"item\":\"https:\\\/\\\/www.innov-ia.com\\\/fr\\\/\"},{\"@type\":\"ListItem\",\"position\":2,\"name\":\"Politique Achats\"}]},{\"@type\":\"WebSite\",\"@id\":\"https:\\\/\\\/www.innov-ia.com\\\/fr\\\/#website\",\"url\":\"https:\\\/\\\/www.innov-ia.com\\\/fr\\\/\",\"name\":\"Innov'ia\",\"description\":\"Research, Innovation &amp; Development\",\"publisher\":{\"@id\":\"https:\\\/\\\/www.innov-ia.com\\\/fr\\\/#organization\"},\"potentialAction\":[{\"@type\":\"SearchAction\",\"target\":{\"@type\":\"EntryPoint\",\"urlTemplate\":\"https:\\\/\\\/www.innov-ia.com\\\/fr\\\/?s={search_term_string}\"},\"query-input\":{\"@type\":\"PropertyValueSpecification\",\"valueRequired\":true,\"valueName\":\"search_term_string\"}}],\"inLanguage\":\"fr-FR\"},{\"@type\":\"Organization\",\"@id\":\"https:\\\/\\\/www.innov-ia.com\\\/fr\\\/#organization\",\"name\":\"INNOV'IA\",\"url\":\"https:\\\/\\\/www.innov-ia.com\\\/fr\\\/\",\"logo\":{\"@type\":\"ImageObject\",\"inLanguage\":\"fr-FR\",\"@id\":\"https:\\\/\\\/www.innov-ia.com\\\/fr\\\/#\\\/schema\\\/logo\\\/image\\\/\",\"url\":\"https:\\\/\\\/www.innov-ia.com\\\/wp-content\\\/uploads\\\/2021\\\/09\\\/logo-INNOVIA-corporate-240.jpg\",\"contentUrl\":\"https:\\\/\\\/www.innov-ia.com\\\/wp-content\\\/uploads\\\/2021\\\/09\\\/logo-INNOVIA-corporate-240.jpg\",\"width\":240,\"height\":56,\"caption\":\"INNOV'IA\"},\"image\":{\"@id\":\"https:\\\/\\\/www.innov-ia.com\\\/fr\\\/#\\\/schema\\\/logo\\\/image\\\/\"}}]}<\/script>\n<!-- \/ Yoast SEO plugin. -->","yoast_head_json":{"title":"Politiques d'achat : Transparence et engagement chez Innov'ia","description":"Consultez les politiques d'achat d'Innov'ia, garantissant une relation commerciale \u00e9thique et transparente.","robots":{"index":"index","follow":"follow","max-snippet":"max-snippet:-1","max-image-preview":"max-image-preview:large","max-video-preview":"max-video-preview:-1"},"canonical":"https:\/\/www.innov-ia.com\/fr\/politiques-dachat\/","og_locale":"fr_FR","og_type":"article","og_title":"Politiques d'achat : Transparence et engagement chez Innov'ia","og_description":"Consultez les politiques d'achat d'Innov'ia, garantissant une relation commerciale \u00e9thique et transparente.","og_url":"https:\/\/www.innov-ia.com\/fr\/politiques-dachat\/","og_site_name":"INNOV&#039;IA","article_modified_time":"2023-05-04T11:30:43+00:00","og_image":[{"width":190,"height":45,"url":"https:\/\/www.innov-ia.com\/wp-content\/uploads\/2021\/09\/logo-INNOVIA-corporate-190.jpg","type":"image\/jpeg"}],"schema":{"@context":"https:\/\/schema.org","@graph":[{"@type":"WebPage","@id":"https:\/\/www.innov-ia.com\/fr\/politiques-dachat\/","url":"https:\/\/www.innov-ia.com\/fr\/politiques-dachat\/","name":"Politiques d'achat : Transparence et engagement chez Innov'ia","isPartOf":{"@id":"https:\/\/www.innov-ia.com\/fr\/#website"},"datePublished":"2021-10-18T12:36:56+00:00","dateModified":"2023-05-04T11:30:43+00:00","description":"Consultez les politiques d'achat d'Innov'ia, garantissant une relation commerciale \u00e9thique et transparente.","breadcrumb":{"@id":"https:\/\/www.innov-ia.com\/fr\/politiques-dachat\/#breadcrumb"},"inLanguage":"fr-FR","potentialAction":[{"@type":"ReadAction","target":["https:\/\/www.innov-ia.com\/fr\/politiques-dachat\/"]}]},{"@type":"BreadcrumbList","@id":"https:\/\/www.innov-ia.com\/fr\/politiques-dachat\/#breadcrumb","itemListElement":[{"@type":"ListItem","position":1,"name":"Accueil","item":"https:\/\/www.innov-ia.com\/fr\/"},{"@type":"ListItem","position":2,"name":"Politique Achats"}]},{"@type":"WebSite","@id":"https:\/\/www.innov-ia.com\/fr\/#website","url":"https:\/\/www.innov-ia.com\/fr\/","name":"Innov'ia","description":"Research, Innovation &amp; Development","publisher":{"@id":"https:\/\/www.innov-ia.com\/fr\/#organization"},"potentialAction":[{"@type":"SearchAction","target":{"@type":"EntryPoint","urlTemplate":"https:\/\/www.innov-ia.com\/fr\/?s={search_term_string}"},"query-input":{"@type":"PropertyValueSpecification","valueRequired":true,"valueName":"search_term_string"}}],"inLanguage":"fr-FR"},{"@type":"Organization","@id":"https:\/\/www.innov-ia.com\/fr\/#organization","name":"INNOV'IA","url":"https:\/\/www.innov-ia.com\/fr\/","logo":{"@type":"ImageObject","inLanguage":"fr-FR","@id":"https:\/\/www.innov-ia.com\/fr\/#\/schema\/logo\/image\/","url":"https:\/\/www.innov-ia.com\/wp-content\/uploads\/2021\/09\/logo-INNOVIA-corporate-240.jpg","contentUrl":"https:\/\/www.innov-ia.com\/wp-content\/uploads\/2021\/09\/logo-INNOVIA-corporate-240.jpg","width":240,"height":56,"caption":"INNOV'IA"},"image":{"@id":"https:\/\/www.innov-ia.com\/fr\/#\/schema\/logo\/image\/"}}]}},"_links":{"self":[{"href":"https:\/\/www.innov-ia.com\/fr\/wp-json\/wp\/v2\/pages\/5763","targetHints":{"allow":["GET"]}}],"collection":[{"href":"https:\/\/www.innov-ia.com\/fr\/wp-json\/wp\/v2\/pages"}],"about":[{"href":"https:\/\/www.innov-ia.com\/fr\/wp-json\/wp\/v2\/types\/page"}],"author":[{"embeddable":true,"href":"https:\/\/www.innov-ia.com\/fr\/wp-json\/wp\/v2\/users\/10"}],"replies":[{"embeddable":true,"href":"https:\/\/www.innov-ia.com\/fr\/wp-json\/wp\/v2\/comments?post=5763"}],"version-history":[{"count":0,"href":"https:\/\/www.innov-ia.com\/fr\/wp-json\/wp\/v2\/pages\/5763\/revisions"}],"wp:attachment":[{"href":"https:\/\/www.innov-ia.com\/fr\/wp-json\/wp\/v2\/media?parent=5763"}],"curies":[{"name":"wp","href":"https:\/\/api.w.org\/{rel}","templated":true}]}}