{"id":1361,"date":"2021-06-14T11:01:27","date_gmt":"2021-06-14T09:01:27","guid":{"rendered":"https:\/\/www.innov-ia.com\/?page_id=1361"},"modified":"2021-10-19T13:46:28","modified_gmt":"2021-10-19T11:46:28","slug":"plan-du-site","status":"publish","type":"page","link":"https:\/\/www.innov-ia.com\/fr\/plan-du-site\/","title":{"rendered":"Plan du site"},"content":{"rendered":"<div class=\"fusion-fullwidth fullwidth-box fusion-builder-row-1 fusion-flex-container nonhundred-percent-fullwidth non-hundred-percent-height-scrolling\" style=\"--awb-border-radius-top-left:0px;--awb-border-radius-top-right:0px;--awb-border-radius-bottom-right:0px;--awb-border-radius-bottom-left:0px;--awb-flex-wrap:wrap;\" ><div class=\"fusion-builder-row fusion-row fusion-flex-align-items-flex-start fusion-flex-content-wrap\" style=\"max-width:1300px;margin-left: calc(-4% \/ 2 );margin-right: calc(-4% \/ 2 );\"><div class=\"fusion-layout-column fusion_builder_column fusion-builder-column-0 fusion_builder_column_1_1 1_1 fusion-flex-column\" style=\"--awb-bg-size:cover;--awb-width-large:100%;--awb-margin-top-large:0px;--awb-spacing-right-large:1.92%;--awb-margin-bottom-large:20px;--awb-spacing-left-large:1.92%;--awb-width-medium:100%;--awb-order-medium:0;--awb-spacing-right-medium:1.92%;--awb-spacing-left-medium:1.92%;--awb-width-small:100%;--awb-order-small:0;--awb-spacing-right-small:1.92%;--awb-spacing-left-small:1.92%;\"><div class=\"fusion-column-wrapper fusion-column-has-shadow fusion-flex-justify-content-flex-start fusion-content-layout-column\"><div class=\"fusion-text fusion-text-1\"><ul>\n<li><div class=\"wsp-container\"><h2 class=\"wsp-pages-title\">Pages<\/h2>\n<ul class=\"wsp-pages-list\">\n<li class=\"page_item page-item-21\"><a href=\"https:\/\/www.innov-ia.com\/fr\/\">Accueil<\/a><\/li>\n<li class=\"page_item page-item-15\"><a href=\"https:\/\/www.innov-ia.com\/fr\/actualites\/\">Actualit\u00e9s<\/a><\/li>\n<li class=\"page_item page-item-5756\"><a href=\"https:\/\/www.innov-ia.com\/fr\/conditions-generales-de-vente\/\">Conditions g\u00e9n\u00e9rales de vente<\/a><\/li>\n<li class=\"page_item page-item-11770\"><a href=\"https:\/\/www.innov-ia.com\/fr\/confirmation-candidature\/\">Confirmation candidature<\/a><\/li>\n<li class=\"page_item page-item-6883\"><a href=\"https:\/\/www.innov-ia.com\/fr\/confirmation-message\/\">Confirmation message<\/a><\/li>\n<li class=\"page_item page-item-5741\"><a href=\"https:\/\/www.innov-ia.com\/fr\/contact\/\">Contact<\/a><\/li>\n<li class=\"page_item page-item-6907\"><a href=\"https:\/\/www.innov-ia.com\/fr\/que-recherchez-vous\/\">CONTACTER L\u2019EQUIPE INNOV\u2019IA<\/a><\/li>\n<li class=\"page_item page-item-5834 page_item_has_children\"><a href=\"https:\/\/www.innov-ia.com\/fr\/entreprise\/\">Entreprise INNOV&rsquo;IA<\/a>\n<ul class='children'>\n\t<li class=\"page_item page-item-5759\"><a href=\"https:\/\/www.innov-ia.com\/fr\/entreprise\/comite-de-direction\/\">Comit\u00e9 de Direction<\/a><\/li>\n\t<li class=\"page_item page-item-5772\"><a href=\"https:\/\/www.innov-ia.com\/fr\/entreprise\/notre-histoire\/\">Notre histoire<\/a><\/li>\n<\/ul>\n<\/li>\n<li class=\"page_item page-item-10953\"><a href=\"https:\/\/www.innov-ia.com\/fr\/evenements\/\">Ev\u00e8nements o\u00f9 retrouver Innov\u2019ia<\/a><\/li>\n<li class=\"page_item page-item-10535\"><a href=\"https:\/\/www.innov-ia.com\/fr\/fonctionnalisation-des-ingredients\/\">La fonctionnalisation des ingr\u00e9dients<\/a><\/li>\n<li class=\"page_item page-item-11193\"><a href=\"https:\/\/www.innov-ia.com\/fr\/laboratoire-commun-eccocaps\/\">Laboratoire Commun ECCOCAPS<\/a><\/li>\n<li class=\"page_item page-item-10525\"><a href=\"https:\/\/www.innov-ia.com\/fr\/liberation-controlee-des-ingredients\/\">Lib\u00e9ration contr\u00f4l\u00e9e des ingr\u00e9dients : expertise et solutions innovantes pour une efficacit\u00e9 maximis\u00e9e<\/a><\/li>\n<li class=\"page_item page-item-5761\"><a href=\"https:\/\/www.innov-ia.com\/fr\/management-qualite\/\">Management qualit\u00e9<\/a><\/li>\n<li class=\"page_item page-item-5882 page_item_has_children\"><a href=\"https:\/\/www.innov-ia.com\/fr\/marches\/\">March\u00e9s<\/a>\n<ul class='children'>\n\t<li class=\"page_item page-item-6090\"><a href=\"https:\/\/www.innov-ia.com\/fr\/marches\/formulation-produits-pharmaceutiques-et-de-sante\/\">Formulation et fa\u00e7onnage sur mesure pour les produits pharmaceutiques et de sant\u00e9<\/a><\/li>\n\t<li class=\"page_item page-item-6102\"><a href=\"https:\/\/www.innov-ia.com\/fr\/marches\/formulation-et-production-pour-la-nutrition-animale\/\">Formulation et production sur mesure pour la nutrition animale<\/a><\/li>\n\t<li class=\"page_item page-item-6072\"><a href=\"https:\/\/www.innov-ia.com\/fr\/marches\/alimentation-humaine\/\">Ingr\u00e9dients fonctionnels pour l&rsquo;alimentation humaine<\/a><\/li>\n\t<li class=\"page_item page-item-6077\"><a href=\"https:\/\/www.innov-ia.com\/fr\/marches\/alimentation-infantile\/\">Ingr\u00e9dients fonctionnels pour l&rsquo;alimentation infantile<\/a><\/li>\n\t<li class=\"page_item page-item-6114\"><a href=\"https:\/\/www.innov-ia.com\/fr\/marches\/produits-entretien-et-detergents-ecologiques\/\">Produits d\u2019entretien et d\u00e9tergents \u00e9cologiques<\/a><\/li>\n\t<li class=\"page_item page-item-6094\"><a href=\"https:\/\/www.innov-ia.com\/fr\/marches\/produits-de-soins-et-cosmetiques\/\">Produits de soins et cosm\u00e9tiques<\/a><\/li>\n\t<li class=\"page_item page-item-6110\"><a href=\"https:\/\/www.innov-ia.com\/fr\/marches\/specialites-techniques\/\">Produits de sp\u00e9cialit\u00e9s<\/a><\/li>\n\t<li class=\"page_item page-item-6098\"><a href=\"https:\/\/www.innov-ia.com\/fr\/marches\/protection-des-cultures-et-biocontrole\/\">Protection des cultures et biocontr\u00f4le<\/a><\/li>\n<\/ul>\n<\/li>\n<li class=\"page_item page-item-6053\"><a href=\"https:\/\/www.innov-ia.com\/fr\/mentions-legales\/\">Mentions l\u00e9gales<\/a><\/li>\n<li class=\"page_item page-item-8298\"><a href=\"https:\/\/www.innov-ia.com\/fr\/nos-engagements\/\">Nos engagements<\/a><\/li>\n<li class=\"page_item page-item-7453\"><a href=\"https:\/\/www.innov-ia.com\/fr\/nos-offres-demploi\/\">Nos offres d\u2019emploi<\/a><\/li>\n<li class=\"page_item page-item-7399\"><a href=\"https:\/\/www.innov-ia.com\/fr\/marque-employeur\/\">Notre marque employeur<\/a><\/li>\n<li class=\"page_item page-item-1361\"><a href=\"https:\/\/www.innov-ia.com\/fr\/plan-du-site\/\">Plan du site<\/a><\/li>\n<li class=\"page_item page-item-5763\"><a href=\"https:\/\/www.innov-ia.com\/fr\/politiques-dachat\/\">Politique Achats<\/a><\/li>\n<li class=\"page_item page-item-6059\"><a href=\"https:\/\/www.innov-ia.com\/fr\/politique-de-confidentialite\/\">Politique de confidentialit\u00e9<\/a><\/li>\n<li class=\"page_item page-item-5767\"><a href=\"https:\/\/www.innov-ia.com\/fr\/lanceur-alerte\/\">Proc\u00e9dure lanceur d&rsquo;alerte<\/a><\/li>\n<li class=\"page_item page-item-5822 page_item_has_children\"><a href=\"https:\/\/www.innov-ia.com\/fr\/capsulae\/\">R&#038;I &#8211; Capsulae<\/a>\n<ul class='children'>\n\t<li class=\"page_item page-item-5748\"><a href=\"https:\/\/www.innov-ia.com\/fr\/capsulae\/technologies\/\">Infrastructures et Technologies<\/a><\/li>\n\t<li class=\"page_item page-item-5764\"><a href=\"https:\/\/www.innov-ia.com\/fr\/capsulae\/proposition-de-valeur\/\">Proposition de valeur<\/a><\/li>\n\t<li class=\"page_item page-item-9106\"><a href=\"https:\/\/www.innov-ia.com\/fr\/capsulae\/recherche-partenariale\/\">Recherche Partenariale<\/a><\/li>\n\t<li class=\"page_item page-item-5745\"><a href=\"https:\/\/www.innov-ia.com\/fr\/capsulae\/services\/\">Services<\/a><\/li>\n<\/ul>\n<\/li>\n<li class=\"page_item page-item-7861 page_item_has_children\"><a href=\"https:\/\/www.innov-ia.com\/fr\/savoir-faire\/\">Savoir-Faire<\/a>\n<ul class='children'>\n\t<li class=\"page_item page-item-5807\"><a href=\"https:\/\/www.innov-ia.com\/fr\/savoir-faire\/formulation\/\">Formulation<\/a><\/li>\n\t<li class=\"page_item page-item-5815 page_item_has_children\"><a href=\"https:\/\/www.innov-ia.com\/fr\/savoir-faire\/technologies\/\">Technologies<\/a>\n\t<ul class='children'>\n\t\t<li class=\"page_item page-item-10470\"><a href=\"https:\/\/www.innov-ia.com\/fr\/savoir-faire\/technologies\/agglomeration-en-lit-dair-fluidise\/\">Agglom\u00e9ration en lit d\u2019air fluidis\u00e9 : une technologie d\u2019optimisation des poudres<\/a><\/li>\n\t\t<li class=\"page_item page-item-10801\"><a href=\"https:\/\/www.innov-ia.com\/fr\/savoir-faire\/technologies\/decouvrez-la-microencapsulation\/\">D\u00e9couvrez la microencapsulation<\/a><\/li>\n\t\t<li class=\"page_item page-item-10271\"><a href=\"https:\/\/www.innov-ia.com\/fr\/savoir-faire\/technologies\/sechage-par-pulverisation\/\">S\u00e9chage par pulv\u00e9risation<\/a><\/li>\n\t<\/ul>\n<\/li>\n<\/ul>\n<\/li>\n<li class=\"page_item page-item-6011 page_item_has_children\"><a href=\"https:\/\/www.innov-ia.com\/fr\/sites-industriels\/\">Sites industriels<\/a>\n<ul class='children'>\n\t<li class=\"page_item page-item-5874\"><a href=\"https:\/\/www.innov-ia.com\/fr\/sites-industriels\/innocaps-innovia-3i\/\">L&rsquo;expertise Innocaps : le prilling<\/a><\/li>\n\t<li class=\"page_item page-item-6021\"><a href=\"https:\/\/www.innov-ia.com\/fr\/sites-industriels\/la-rochelle\/\">l&rsquo;expertise INNOV&rsquo;IA La Rochelle : le s\u00e9chage par atomisation<\/a><\/li>\n\t<li class=\"page_item page-item-7955\"><a href=\"https:\/\/www.innov-ia.com\/fr\/sites-industriels\/lexpertise-innovia-segre-le-sechage-par-atomisation\/\">L&rsquo;expertise INNOV&rsquo;IA Segr\u00e9 : le s\u00e9chage par atomisation<\/a><\/li>\n\t<li class=\"page_item page-item-6016\"><a href=\"https:\/\/www.innov-ia.com\/fr\/sites-industriels\/lexpertise-inodry-lits-air-fluidises\/\">l&rsquo;expertise INODRY: les lits d&rsquo;air fluidis\u00e9s<\/a><\/li>\n<\/ul>\n<\/li>\n<li class=\"page_item page-item-10512\"><a href=\"https:\/\/www.innov-ia.com\/fr\/stabilisation-garantir-la-qualite-et-la-durabilite-des-ingredients\/\">Stabilisation : garantir la qualit\u00e9 et la durabilit\u00e9 des ingr\u00e9dients<\/a><\/li>\n<li class=\"page_item page-item-2900\"><a href=\"https:\/\/www.innov-ia.com\/fr\/votre-besoin\/\">Votre besoin<\/a><\/li>\n<\/ul>\n<\/div><\/li>\n<\/ul>\n<\/div><\/div><\/div><\/div><\/div>\n","protected":false},"excerpt":{"rendered":"","protected":false},"author":10,"featured_media":0,"parent":0,"menu_order":0,"comment_status":"closed","ping_status":"closed","template":"","meta":{"_acf_changed":false,"footnotes":""},"class_list":["post-1361","page","type-page","status-publish","hentry"],"acf":[],"yoast_head":"<!-- This site is optimized with the Yoast SEO plugin v27.5 - https:\/\/yoast.com\/product\/yoast-seo-wordpress\/ -->\n<title>Plan du site Innov&#039;ia : Acc\u00e9dez \u00e0 toutes nos pages<\/title>\n<meta name=\"description\" content=\"Acc\u00e9dez rapidement aux pages et services Innov&#039;ia gr\u00e2ce \u00e0 notre plan de site. Explorez notre expertise.\" \/>\n<meta name=\"robots\" content=\"index, follow, max-snippet:-1, max-image-preview:large, max-video-preview:-1\" \/>\n<link rel=\"canonical\" href=\"https:\/\/www.innov-ia.com\/fr\/plan-du-site\/\" \/>\n<meta property=\"og:locale\" content=\"fr_FR\" \/>\n<meta property=\"og:type\" content=\"article\" \/>\n<meta property=\"og:title\" content=\"Plan du site Innov&#039;ia : Acc\u00e9dez \u00e0 toutes nos pages\" \/>\n<meta property=\"og:description\" content=\"Acc\u00e9dez rapidement aux pages et services Innov&#039;ia gr\u00e2ce \u00e0 notre plan de site. Explorez notre expertise.\" \/>\n<meta property=\"og:url\" content=\"https:\/\/www.innov-ia.com\/fr\/plan-du-site\/\" \/>\n<meta property=\"og:site_name\" content=\"INNOV&#039;IA\" \/>\n<meta property=\"article:modified_time\" content=\"2021-10-19T11:46:28+00:00\" \/>\n<meta property=\"og:image\" content=\"https:\/\/www.innov-ia.com\/wp-content\/uploads\/2021\/09\/logo-INNOVIA-corporate-190.jpg\" \/>\n\t<meta property=\"og:image:width\" content=\"190\" \/>\n\t<meta property=\"og:image:height\" content=\"45\" \/>\n\t<meta property=\"og:image:type\" content=\"image\/jpeg\" \/>\n<script type=\"application\/ld+json\" class=\"yoast-schema-graph\">{\"@context\":\"https:\\\/\\\/schema.org\",\"@graph\":[{\"@type\":\"WebPage\",\"@id\":\"https:\\\/\\\/www.innov-ia.com\\\/fr\\\/plan-du-site\\\/\",\"url\":\"https:\\\/\\\/www.innov-ia.com\\\/fr\\\/plan-du-site\\\/\",\"name\":\"Plan du site Innov'ia : Acc\u00e9dez \u00e0 toutes nos pages\",\"isPartOf\":{\"@id\":\"https:\\\/\\\/www.innov-ia.com\\\/fr\\\/#website\"},\"datePublished\":\"2021-06-14T09:01:27+00:00\",\"dateModified\":\"2021-10-19T11:46:28+00:00\",\"description\":\"Acc\u00e9dez rapidement aux pages et services Innov'ia gr\u00e2ce \u00e0 notre plan de site. Explorez notre expertise.\",\"breadcrumb\":{\"@id\":\"https:\\\/\\\/www.innov-ia.com\\\/fr\\\/plan-du-site\\\/#breadcrumb\"},\"inLanguage\":\"fr-FR\",\"potentialAction\":[{\"@type\":\"ReadAction\",\"target\":[\"https:\\\/\\\/www.innov-ia.com\\\/fr\\\/plan-du-site\\\/\"]}]},{\"@type\":\"BreadcrumbList\",\"@id\":\"https:\\\/\\\/www.innov-ia.com\\\/fr\\\/plan-du-site\\\/#breadcrumb\",\"itemListElement\":[{\"@type\":\"ListItem\",\"position\":1,\"name\":\"Accueil\",\"item\":\"https:\\\/\\\/www.innov-ia.com\\\/fr\\\/\"},{\"@type\":\"ListItem\",\"position\":2,\"name\":\"Plan du site\"}]},{\"@type\":\"WebSite\",\"@id\":\"https:\\\/\\\/www.innov-ia.com\\\/fr\\\/#website\",\"url\":\"https:\\\/\\\/www.innov-ia.com\\\/fr\\\/\",\"name\":\"Innov'ia\",\"description\":\"Research, Innovation &amp; Development\",\"publisher\":{\"@id\":\"https:\\\/\\\/www.innov-ia.com\\\/fr\\\/#organization\"},\"potentialAction\":[{\"@type\":\"SearchAction\",\"target\":{\"@type\":\"EntryPoint\",\"urlTemplate\":\"https:\\\/\\\/www.innov-ia.com\\\/fr\\\/?s={search_term_string}\"},\"query-input\":{\"@type\":\"PropertyValueSpecification\",\"valueRequired\":true,\"valueName\":\"search_term_string\"}}],\"inLanguage\":\"fr-FR\"},{\"@type\":\"Organization\",\"@id\":\"https:\\\/\\\/www.innov-ia.com\\\/fr\\\/#organization\",\"name\":\"INNOV'IA\",\"url\":\"https:\\\/\\\/www.innov-ia.com\\\/fr\\\/\",\"logo\":{\"@type\":\"ImageObject\",\"inLanguage\":\"fr-FR\",\"@id\":\"https:\\\/\\\/www.innov-ia.com\\\/fr\\\/#\\\/schema\\\/logo\\\/image\\\/\",\"url\":\"https:\\\/\\\/www.innov-ia.com\\\/wp-content\\\/uploads\\\/2021\\\/09\\\/logo-INNOVIA-corporate-240.jpg\",\"contentUrl\":\"https:\\\/\\\/www.innov-ia.com\\\/wp-content\\\/uploads\\\/2021\\\/09\\\/logo-INNOVIA-corporate-240.jpg\",\"width\":240,\"height\":56,\"caption\":\"INNOV'IA\"},\"image\":{\"@id\":\"https:\\\/\\\/www.innov-ia.com\\\/fr\\\/#\\\/schema\\\/logo\\\/image\\\/\"}}]}<\/script>\n<!-- \/ Yoast SEO plugin. -->","yoast_head_json":{"title":"Plan du site Innov'ia : Acc\u00e9dez \u00e0 toutes nos pages","description":"Acc\u00e9dez rapidement aux pages et services Innov'ia gr\u00e2ce \u00e0 notre plan de site. Explorez notre expertise.","robots":{"index":"index","follow":"follow","max-snippet":"max-snippet:-1","max-image-preview":"max-image-preview:large","max-video-preview":"max-video-preview:-1"},"canonical":"https:\/\/www.innov-ia.com\/fr\/plan-du-site\/","og_locale":"fr_FR","og_type":"article","og_title":"Plan du site Innov'ia : Acc\u00e9dez \u00e0 toutes nos pages","og_description":"Acc\u00e9dez rapidement aux pages et services Innov'ia gr\u00e2ce \u00e0 notre plan de site. Explorez notre expertise.","og_url":"https:\/\/www.innov-ia.com\/fr\/plan-du-site\/","og_site_name":"INNOV&#039;IA","article_modified_time":"2021-10-19T11:46:28+00:00","og_image":[{"width":190,"height":45,"url":"https:\/\/www.innov-ia.com\/wp-content\/uploads\/2021\/09\/logo-INNOVIA-corporate-190.jpg","type":"image\/jpeg"}],"schema":{"@context":"https:\/\/schema.org","@graph":[{"@type":"WebPage","@id":"https:\/\/www.innov-ia.com\/fr\/plan-du-site\/","url":"https:\/\/www.innov-ia.com\/fr\/plan-du-site\/","name":"Plan du site Innov'ia : Acc\u00e9dez \u00e0 toutes nos pages","isPartOf":{"@id":"https:\/\/www.innov-ia.com\/fr\/#website"},"datePublished":"2021-06-14T09:01:27+00:00","dateModified":"2021-10-19T11:46:28+00:00","description":"Acc\u00e9dez rapidement aux pages et services Innov'ia gr\u00e2ce \u00e0 notre plan de site. Explorez notre expertise.","breadcrumb":{"@id":"https:\/\/www.innov-ia.com\/fr\/plan-du-site\/#breadcrumb"},"inLanguage":"fr-FR","potentialAction":[{"@type":"ReadAction","target":["https:\/\/www.innov-ia.com\/fr\/plan-du-site\/"]}]},{"@type":"BreadcrumbList","@id":"https:\/\/www.innov-ia.com\/fr\/plan-du-site\/#breadcrumb","itemListElement":[{"@type":"ListItem","position":1,"name":"Accueil","item":"https:\/\/www.innov-ia.com\/fr\/"},{"@type":"ListItem","position":2,"name":"Plan du site"}]},{"@type":"WebSite","@id":"https:\/\/www.innov-ia.com\/fr\/#website","url":"https:\/\/www.innov-ia.com\/fr\/","name":"Innov'ia","description":"Research, Innovation &amp; Development","publisher":{"@id":"https:\/\/www.innov-ia.com\/fr\/#organization"},"potentialAction":[{"@type":"SearchAction","target":{"@type":"EntryPoint","urlTemplate":"https:\/\/www.innov-ia.com\/fr\/?s={search_term_string}"},"query-input":{"@type":"PropertyValueSpecification","valueRequired":true,"valueName":"search_term_string"}}],"inLanguage":"fr-FR"},{"@type":"Organization","@id":"https:\/\/www.innov-ia.com\/fr\/#organization","name":"INNOV'IA","url":"https:\/\/www.innov-ia.com\/fr\/","logo":{"@type":"ImageObject","inLanguage":"fr-FR","@id":"https:\/\/www.innov-ia.com\/fr\/#\/schema\/logo\/image\/","url":"https:\/\/www.innov-ia.com\/wp-content\/uploads\/2021\/09\/logo-INNOVIA-corporate-240.jpg","contentUrl":"https:\/\/www.innov-ia.com\/wp-content\/uploads\/2021\/09\/logo-INNOVIA-corporate-240.jpg","width":240,"height":56,"caption":"INNOV'IA"},"image":{"@id":"https:\/\/www.innov-ia.com\/fr\/#\/schema\/logo\/image\/"}}]}},"_links":{"self":[{"href":"https:\/\/www.innov-ia.com\/fr\/wp-json\/wp\/v2\/pages\/1361","targetHints":{"allow":["GET"]}}],"collection":[{"href":"https:\/\/www.innov-ia.com\/fr\/wp-json\/wp\/v2\/pages"}],"about":[{"href":"https:\/\/www.innov-ia.com\/fr\/wp-json\/wp\/v2\/types\/page"}],"author":[{"embeddable":true,"href":"https:\/\/www.innov-ia.com\/fr\/wp-json\/wp\/v2\/users\/10"}],"replies":[{"embeddable":true,"href":"https:\/\/www.innov-ia.com\/fr\/wp-json\/wp\/v2\/comments?post=1361"}],"version-history":[{"count":0,"href":"https:\/\/www.innov-ia.com\/fr\/wp-json\/wp\/v2\/pages\/1361\/revisions"}],"wp:attachment":[{"href":"https:\/\/www.innov-ia.com\/fr\/wp-json\/wp\/v2\/media?parent=1361"}],"curies":[{"name":"wp","href":"https:\/\/api.w.org\/{rel}","templated":true}]}}