{"id":11770,"date":"2025-12-16T08:13:45","date_gmt":"2025-12-16T07:13:45","guid":{"rendered":"https:\/\/www.innov-ia.com\/confirmation-candidature\/"},"modified":"2025-12-16T08:13:45","modified_gmt":"2025-12-16T07:13:45","slug":"confirmation-candidature","status":"publish","type":"page","link":"https:\/\/www.innov-ia.com\/fr\/confirmation-candidature\/","title":{"rendered":"Confirmation candidature"},"content":{"rendered":"<p>Bonjour,<\/p>\n<p>Nous vous remercions pour l\u2019int\u00e9r\u00eat port\u00e9 au groupe Innov\u2019ia.\u00a0 Votre candidature a bien \u00e9t\u00e9 prise en compte et sera \u00e9tudi\u00e9e avec attention. Nous reviendrons vers vous prochainement.<\/p>\n<p>Cordialement,<br \/>\nLe service Ressources Humaines\u00a0<img decoding=\"async\" class=\"lazyload CToWUd\" src=\"data:image\/gif;base64,R0lGODlhAQABAAAAACH5BAEKAAEALAAAAAABAAEAAAICTAEAOw==\" data-orig-src=\"https:\/\/ci3.googleusercontent.com\/meips\/ADKq_NafvNUsd5LSs2WB28FmhrSFiEJy71lyB8Ae22QfNwFpGPIiFU1gGUpcGfRDUVUc3KzkM_LsNGA-pv0qPL8mh4ioWRuBdzlICAJkh9s6-ryzCevHJY-IvDiq_caV1yE-bUVG7cA6Pi90c-usKD4PGLZ1wKVEN5FVt3BM5P__2xSPRfJpBt1iXrxRqU6SEE4B4Rz_2gsysGPhJaYTwGU16fT3b-piUBGTM2Un-mNrTyxGo4i2AoFO1VevS-yA2NLqOOE5-qql2KkQul6CIjnBeTwDabun_LxoZcPehB76c5S63CE83F-Oxx8qTfk7x9WorCKHuGga95oESA=s0-d-e1-ft#https:\/\/www.innov-ia.com\/fr\/wp-json\/wp-mail-smtp\/v1\/e\/ZGF0YSU1QmVtYWlsX2xvZ19pZCU1RD0yOTEmZGF0YSU1QmV2ZW50X3R5cGUlNUQ9b3Blbi1lbWFpbCZoYXNoPTQwOGNhNDZlMTAxYTJhZTYxNTQwOGEwMzI3YjJhNzEzYmM3NDhlNzJkZmI2MzQ1NjkwNzA0OWZkYmZiMGNkNjA=\" alt=\"\" data-bit=\"iit\" \/><\/p>\n","protected":false},"excerpt":{"rendered":"<p>Bonjour, Nous vous remercions pour l\u2019int\u00e9r\u00eat port\u00e9 au groupe Innov\u2019ia.\u00a0 Votre candidature a bien \u00e9t\u00e9 prise en compte et sera \u00e9tudi\u00e9e avec attention. Nous reviendrons vers vous prochainement. Cordialement, Le [&#8230;]<\/p>\n","protected":false},"author":10,"featured_media":0,"parent":0,"menu_order":0,"comment_status":"closed","ping_status":"closed","template":"100-width.php","meta":{"_acf_changed":false,"footnotes":""},"class_list":["post-11770","page","type-page","status-publish","hentry"],"acf":[],"yoast_head":"<!-- This site is optimized with the Yoast SEO plugin v27.3 - https:\/\/yoast.com\/product\/yoast-seo-wordpress\/ -->\n<title>Confirmation candidature - INNOV&#039;IA<\/title>\n<meta name=\"robots\" content=\"index, follow, max-snippet:-1, max-image-preview:large, max-video-preview:-1\" \/>\n<link rel=\"canonical\" href=\"https:\/\/www.innov-ia.com\/fr\/confirmation-candidature\/\" \/>\n<meta property=\"og:locale\" content=\"fr_FR\" \/>\n<meta property=\"og:type\" content=\"article\" \/>\n<meta property=\"og:title\" content=\"Confirmation candidature - INNOV&#039;IA\" \/>\n<meta property=\"og:description\" content=\"Bonjour, Nous vous remercions pour l\u2019int\u00e9r\u00eat port\u00e9 au groupe Innov\u2019ia.\u00a0 Votre candidature a bien \u00e9t\u00e9 prise en compte et sera \u00e9tudi\u00e9e avec attention. Nous reviendrons vers vous prochainement. Cordialement, Le [...]\" \/>\n<meta property=\"og:url\" content=\"https:\/\/www.innov-ia.com\/fr\/confirmation-candidature\/\" \/>\n<meta property=\"og:site_name\" content=\"INNOV&#039;IA\" \/>\n<meta property=\"og:image\" content=\"https:\/\/ci3.googleusercontent.com\/meips\/ADKq_NafvNUsd5LSs2WB28FmhrSFiEJy71lyB8Ae22QfNwFpGPIiFU1gGUpcGfRDUVUc3KzkM_LsNGA-pv0qPL8mh4ioWRuBdzlICAJkh9s6-ryzCevHJY-IvDiq_caV1yE-bUVG7cA6Pi90c-usKD4PGLZ1wKVEN5FVt3BM5P__2xSPRfJpBt1iXrxRqU6SEE4B4Rz_2gsysGPhJaYTwGU16fT3b-piUBGTM2Un-mNrTyxGo4i2AoFO1VevS-yA2NLqOOE5-qql2KkQul6CIjnBeTwDabun_LxoZcPehB76c5S63CE83F-Oxx8qTfk7x9WorCKHuGga95oESA=s0-d-e1-ft#https:\/\/www.innov-ia.com\/fr\/wp-json\/wp-mail-smtp\/v1\/e\/ZGF0YSU1QmVtYWlsX2xvZ19pZCU1RD0yOTEmZGF0YSU1QmV2ZW50X3R5cGUlNUQ9b3Blbi1lbWFpbCZoYXNoPTQwOGNhNDZlMTAxYTJhZTYxNTQwOGEwMzI3YjJhNzEzYmM3NDhlNzJkZmI2MzQ1NjkwNzA0OWZkYmZiMGNkNjA=\" \/>\n<script type=\"application\/ld+json\" class=\"yoast-schema-graph\">{\"@context\":\"https:\\\/\\\/schema.org\",\"@graph\":[{\"@type\":\"WebPage\",\"@id\":\"https:\\\/\\\/www.innov-ia.com\\\/fr\\\/confirmation-candidature\\\/\",\"url\":\"https:\\\/\\\/www.innov-ia.com\\\/fr\\\/confirmation-candidature\\\/\",\"name\":\"Confirmation candidature - INNOV&#039;IA\",\"isPartOf\":{\"@id\":\"https:\\\/\\\/www.innov-ia.com\\\/fr\\\/#website\"},\"primaryImageOfPage\":{\"@id\":\"https:\\\/\\\/www.innov-ia.com\\\/fr\\\/confirmation-candidature\\\/#primaryimage\"},\"image\":{\"@id\":\"https:\\\/\\\/www.innov-ia.com\\\/fr\\\/confirmation-candidature\\\/#primaryimage\"},\"thumbnailUrl\":\"https:\\\/\\\/ci3.googleusercontent.com\\\/meips\\\/ADKq_NafvNUsd5LSs2WB28FmhrSFiEJy71lyB8Ae22QfNwFpGPIiFU1gGUpcGfRDUVUc3KzkM_LsNGA-pv0qPL8mh4ioWRuBdzlICAJkh9s6-ryzCevHJY-IvDiq_caV1yE-bUVG7cA6Pi90c-usKD4PGLZ1wKVEN5FVt3BM5P__2xSPRfJpBt1iXrxRqU6SEE4B4Rz_2gsysGPhJaYTwGU16fT3b-piUBGTM2Un-mNrTyxGo4i2AoFO1VevS-yA2NLqOOE5-qql2KkQul6CIjnBeTwDabun_LxoZcPehB76c5S63CE83F-Oxx8qTfk7x9WorCKHuGga95oESA=s0-d-e1-ft#https:\\\/\\\/www.innov-ia.com\\\/fr\\\/wp-json\\\/wp-mail-smtp\\\/v1\\\/e\\\/ZGF0YSU1QmVtYWlsX2xvZ19pZCU1RD0yOTEmZGF0YSU1QmV2ZW50X3R5cGUlNUQ9b3Blbi1lbWFpbCZoYXNoPTQwOGNhNDZlMTAxYTJhZTYxNTQwOGEwMzI3YjJhNzEzYmM3NDhlNzJkZmI2MzQ1NjkwNzA0OWZkYmZiMGNkNjA=\",\"datePublished\":\"2025-12-16T07:13:45+00:00\",\"breadcrumb\":{\"@id\":\"https:\\\/\\\/www.innov-ia.com\\\/fr\\\/confirmation-candidature\\\/#breadcrumb\"},\"inLanguage\":\"fr-FR\",\"potentialAction\":[{\"@type\":\"ReadAction\",\"target\":[\"https:\\\/\\\/www.innov-ia.com\\\/fr\\\/confirmation-candidature\\\/\"]}]},{\"@type\":\"ImageObject\",\"inLanguage\":\"fr-FR\",\"@id\":\"https:\\\/\\\/www.innov-ia.com\\\/fr\\\/confirmation-candidature\\\/#primaryimage\",\"url\":\"https:\\\/\\\/ci3.googleusercontent.com\\\/meips\\\/ADKq_NafvNUsd5LSs2WB28FmhrSFiEJy71lyB8Ae22QfNwFpGPIiFU1gGUpcGfRDUVUc3KzkM_LsNGA-pv0qPL8mh4ioWRuBdzlICAJkh9s6-ryzCevHJY-IvDiq_caV1yE-bUVG7cA6Pi90c-usKD4PGLZ1wKVEN5FVt3BM5P__2xSPRfJpBt1iXrxRqU6SEE4B4Rz_2gsysGPhJaYTwGU16fT3b-piUBGTM2Un-mNrTyxGo4i2AoFO1VevS-yA2NLqOOE5-qql2KkQul6CIjnBeTwDabun_LxoZcPehB76c5S63CE83F-Oxx8qTfk7x9WorCKHuGga95oESA=s0-d-e1-ft#https:\\\/\\\/www.innov-ia.com\\\/fr\\\/wp-json\\\/wp-mail-smtp\\\/v1\\\/e\\\/ZGF0YSU1QmVtYWlsX2xvZ19pZCU1RD0yOTEmZGF0YSU1QmV2ZW50X3R5cGUlNUQ9b3Blbi1lbWFpbCZoYXNoPTQwOGNhNDZlMTAxYTJhZTYxNTQwOGEwMzI3YjJhNzEzYmM3NDhlNzJkZmI2MzQ1NjkwNzA0OWZkYmZiMGNkNjA=\",\"contentUrl\":\"https:\\\/\\\/ci3.googleusercontent.com\\\/meips\\\/ADKq_NafvNUsd5LSs2WB28FmhrSFiEJy71lyB8Ae22QfNwFpGPIiFU1gGUpcGfRDUVUc3KzkM_LsNGA-pv0qPL8mh4ioWRuBdzlICAJkh9s6-ryzCevHJY-IvDiq_caV1yE-bUVG7cA6Pi90c-usKD4PGLZ1wKVEN5FVt3BM5P__2xSPRfJpBt1iXrxRqU6SEE4B4Rz_2gsysGPhJaYTwGU16fT3b-piUBGTM2Un-mNrTyxGo4i2AoFO1VevS-yA2NLqOOE5-qql2KkQul6CIjnBeTwDabun_LxoZcPehB76c5S63CE83F-Oxx8qTfk7x9WorCKHuGga95oESA=s0-d-e1-ft#https:\\\/\\\/www.innov-ia.com\\\/fr\\\/wp-json\\\/wp-mail-smtp\\\/v1\\\/e\\\/ZGF0YSU1QmVtYWlsX2xvZ19pZCU1RD0yOTEmZGF0YSU1QmV2ZW50X3R5cGUlNUQ9b3Blbi1lbWFpbCZoYXNoPTQwOGNhNDZlMTAxYTJhZTYxNTQwOGEwMzI3YjJhNzEzYmM3NDhlNzJkZmI2MzQ1NjkwNzA0OWZkYmZiMGNkNjA=\"},{\"@type\":\"BreadcrumbList\",\"@id\":\"https:\\\/\\\/www.innov-ia.com\\\/fr\\\/confirmation-candidature\\\/#breadcrumb\",\"itemListElement\":[{\"@type\":\"ListItem\",\"position\":1,\"name\":\"Accueil\",\"item\":\"https:\\\/\\\/www.innov-ia.com\\\/fr\\\/\"},{\"@type\":\"ListItem\",\"position\":2,\"name\":\"Confirmation candidature\"}]},{\"@type\":\"WebSite\",\"@id\":\"https:\\\/\\\/www.innov-ia.com\\\/fr\\\/#website\",\"url\":\"https:\\\/\\\/www.innov-ia.com\\\/fr\\\/\",\"name\":\"Innov'ia\",\"description\":\"Research, Innovation &amp; Development\",\"publisher\":{\"@id\":\"https:\\\/\\\/www.innov-ia.com\\\/fr\\\/#organization\"},\"potentialAction\":[{\"@type\":\"SearchAction\",\"target\":{\"@type\":\"EntryPoint\",\"urlTemplate\":\"https:\\\/\\\/www.innov-ia.com\\\/fr\\\/?s={search_term_string}\"},\"query-input\":{\"@type\":\"PropertyValueSpecification\",\"valueRequired\":true,\"valueName\":\"search_term_string\"}}],\"inLanguage\":\"fr-FR\"},{\"@type\":\"Organization\",\"@id\":\"https:\\\/\\\/www.innov-ia.com\\\/fr\\\/#organization\",\"name\":\"INNOV'IA\",\"url\":\"https:\\\/\\\/www.innov-ia.com\\\/fr\\\/\",\"logo\":{\"@type\":\"ImageObject\",\"inLanguage\":\"fr-FR\",\"@id\":\"https:\\\/\\\/www.innov-ia.com\\\/fr\\\/#\\\/schema\\\/logo\\\/image\\\/\",\"url\":\"https:\\\/\\\/www.innov-ia.com\\\/wp-content\\\/uploads\\\/2021\\\/09\\\/logo-INNOVIA-corporate-240.jpg\",\"contentUrl\":\"https:\\\/\\\/www.innov-ia.com\\\/wp-content\\\/uploads\\\/2021\\\/09\\\/logo-INNOVIA-corporate-240.jpg\",\"width\":240,\"height\":56,\"caption\":\"INNOV'IA\"},\"image\":{\"@id\":\"https:\\\/\\\/www.innov-ia.com\\\/fr\\\/#\\\/schema\\\/logo\\\/image\\\/\"}}]}<\/script>\n<!-- \/ Yoast SEO plugin. -->","yoast_head_json":{"title":"Confirmation candidature - INNOV&#039;IA","robots":{"index":"index","follow":"follow","max-snippet":"max-snippet:-1","max-image-preview":"max-image-preview:large","max-video-preview":"max-video-preview:-1"},"canonical":"https:\/\/www.innov-ia.com\/fr\/confirmation-candidature\/","og_locale":"fr_FR","og_type":"article","og_title":"Confirmation candidature - INNOV&#039;IA","og_description":"Bonjour, Nous vous remercions pour l\u2019int\u00e9r\u00eat port\u00e9 au groupe Innov\u2019ia.\u00a0 Votre candidature a bien \u00e9t\u00e9 prise en compte et sera \u00e9tudi\u00e9e avec attention. Nous reviendrons vers vous prochainement. Cordialement, Le [...]","og_url":"https:\/\/www.innov-ia.com\/fr\/confirmation-candidature\/","og_site_name":"INNOV&#039;IA","og_image":[{"url":"https:\/\/ci3.googleusercontent.com\/meips\/ADKq_NafvNUsd5LSs2WB28FmhrSFiEJy71lyB8Ae22QfNwFpGPIiFU1gGUpcGfRDUVUc3KzkM_LsNGA-pv0qPL8mh4ioWRuBdzlICAJkh9s6-ryzCevHJY-IvDiq_caV1yE-bUVG7cA6Pi90c-usKD4PGLZ1wKVEN5FVt3BM5P__2xSPRfJpBt1iXrxRqU6SEE4B4Rz_2gsysGPhJaYTwGU16fT3b-piUBGTM2Un-mNrTyxGo4i2AoFO1VevS-yA2NLqOOE5-qql2KkQul6CIjnBeTwDabun_LxoZcPehB76c5S63CE83F-Oxx8qTfk7x9WorCKHuGga95oESA=s0-d-e1-ft#https:\/\/www.innov-ia.com\/fr\/wp-json\/wp-mail-smtp\/v1\/e\/ZGF0YSU1QmVtYWlsX2xvZ19pZCU1RD0yOTEmZGF0YSU1QmV2ZW50X3R5cGUlNUQ9b3Blbi1lbWFpbCZoYXNoPTQwOGNhNDZlMTAxYTJhZTYxNTQwOGEwMzI3YjJhNzEzYmM3NDhlNzJkZmI2MzQ1NjkwNzA0OWZkYmZiMGNkNjA=","type":"","width":"","height":""}],"schema":{"@context":"https:\/\/schema.org","@graph":[{"@type":"WebPage","@id":"https:\/\/www.innov-ia.com\/fr\/confirmation-candidature\/","url":"https:\/\/www.innov-ia.com\/fr\/confirmation-candidature\/","name":"Confirmation candidature - INNOV&#039;IA","isPartOf":{"@id":"https:\/\/www.innov-ia.com\/fr\/#website"},"primaryImageOfPage":{"@id":"https:\/\/www.innov-ia.com\/fr\/confirmation-candidature\/#primaryimage"},"image":{"@id":"https:\/\/www.innov-ia.com\/fr\/confirmation-candidature\/#primaryimage"},"thumbnailUrl":"https:\/\/ci3.googleusercontent.com\/meips\/ADKq_NafvNUsd5LSs2WB28FmhrSFiEJy71lyB8Ae22QfNwFpGPIiFU1gGUpcGfRDUVUc3KzkM_LsNGA-pv0qPL8mh4ioWRuBdzlICAJkh9s6-ryzCevHJY-IvDiq_caV1yE-bUVG7cA6Pi90c-usKD4PGLZ1wKVEN5FVt3BM5P__2xSPRfJpBt1iXrxRqU6SEE4B4Rz_2gsysGPhJaYTwGU16fT3b-piUBGTM2Un-mNrTyxGo4i2AoFO1VevS-yA2NLqOOE5-qql2KkQul6CIjnBeTwDabun_LxoZcPehB76c5S63CE83F-Oxx8qTfk7x9WorCKHuGga95oESA=s0-d-e1-ft#https:\/\/www.innov-ia.com\/fr\/wp-json\/wp-mail-smtp\/v1\/e\/ZGF0YSU1QmVtYWlsX2xvZ19pZCU1RD0yOTEmZGF0YSU1QmV2ZW50X3R5cGUlNUQ9b3Blbi1lbWFpbCZoYXNoPTQwOGNhNDZlMTAxYTJhZTYxNTQwOGEwMzI3YjJhNzEzYmM3NDhlNzJkZmI2MzQ1NjkwNzA0OWZkYmZiMGNkNjA=","datePublished":"2025-12-16T07:13:45+00:00","breadcrumb":{"@id":"https:\/\/www.innov-ia.com\/fr\/confirmation-candidature\/#breadcrumb"},"inLanguage":"fr-FR","potentialAction":[{"@type":"ReadAction","target":["https:\/\/www.innov-ia.com\/fr\/confirmation-candidature\/"]}]},{"@type":"ImageObject","inLanguage":"fr-FR","@id":"https:\/\/www.innov-ia.com\/fr\/confirmation-candidature\/#primaryimage","url":"https:\/\/ci3.googleusercontent.com\/meips\/ADKq_NafvNUsd5LSs2WB28FmhrSFiEJy71lyB8Ae22QfNwFpGPIiFU1gGUpcGfRDUVUc3KzkM_LsNGA-pv0qPL8mh4ioWRuBdzlICAJkh9s6-ryzCevHJY-IvDiq_caV1yE-bUVG7cA6Pi90c-usKD4PGLZ1wKVEN5FVt3BM5P__2xSPRfJpBt1iXrxRqU6SEE4B4Rz_2gsysGPhJaYTwGU16fT3b-piUBGTM2Un-mNrTyxGo4i2AoFO1VevS-yA2NLqOOE5-qql2KkQul6CIjnBeTwDabun_LxoZcPehB76c5S63CE83F-Oxx8qTfk7x9WorCKHuGga95oESA=s0-d-e1-ft#https:\/\/www.innov-ia.com\/fr\/wp-json\/wp-mail-smtp\/v1\/e\/ZGF0YSU1QmVtYWlsX2xvZ19pZCU1RD0yOTEmZGF0YSU1QmV2ZW50X3R5cGUlNUQ9b3Blbi1lbWFpbCZoYXNoPTQwOGNhNDZlMTAxYTJhZTYxNTQwOGEwMzI3YjJhNzEzYmM3NDhlNzJkZmI2MzQ1NjkwNzA0OWZkYmZiMGNkNjA=","contentUrl":"https:\/\/ci3.googleusercontent.com\/meips\/ADKq_NafvNUsd5LSs2WB28FmhrSFiEJy71lyB8Ae22QfNwFpGPIiFU1gGUpcGfRDUVUc3KzkM_LsNGA-pv0qPL8mh4ioWRuBdzlICAJkh9s6-ryzCevHJY-IvDiq_caV1yE-bUVG7cA6Pi90c-usKD4PGLZ1wKVEN5FVt3BM5P__2xSPRfJpBt1iXrxRqU6SEE4B4Rz_2gsysGPhJaYTwGU16fT3b-piUBGTM2Un-mNrTyxGo4i2AoFO1VevS-yA2NLqOOE5-qql2KkQul6CIjnBeTwDabun_LxoZcPehB76c5S63CE83F-Oxx8qTfk7x9WorCKHuGga95oESA=s0-d-e1-ft#https:\/\/www.innov-ia.com\/fr\/wp-json\/wp-mail-smtp\/v1\/e\/ZGF0YSU1QmVtYWlsX2xvZ19pZCU1RD0yOTEmZGF0YSU1QmV2ZW50X3R5cGUlNUQ9b3Blbi1lbWFpbCZoYXNoPTQwOGNhNDZlMTAxYTJhZTYxNTQwOGEwMzI3YjJhNzEzYmM3NDhlNzJkZmI2MzQ1NjkwNzA0OWZkYmZiMGNkNjA="},{"@type":"BreadcrumbList","@id":"https:\/\/www.innov-ia.com\/fr\/confirmation-candidature\/#breadcrumb","itemListElement":[{"@type":"ListItem","position":1,"name":"Accueil","item":"https:\/\/www.innov-ia.com\/fr\/"},{"@type":"ListItem","position":2,"name":"Confirmation candidature"}]},{"@type":"WebSite","@id":"https:\/\/www.innov-ia.com\/fr\/#website","url":"https:\/\/www.innov-ia.com\/fr\/","name":"Innov'ia","description":"Research, Innovation &amp; Development","publisher":{"@id":"https:\/\/www.innov-ia.com\/fr\/#organization"},"potentialAction":[{"@type":"SearchAction","target":{"@type":"EntryPoint","urlTemplate":"https:\/\/www.innov-ia.com\/fr\/?s={search_term_string}"},"query-input":{"@type":"PropertyValueSpecification","valueRequired":true,"valueName":"search_term_string"}}],"inLanguage":"fr-FR"},{"@type":"Organization","@id":"https:\/\/www.innov-ia.com\/fr\/#organization","name":"INNOV'IA","url":"https:\/\/www.innov-ia.com\/fr\/","logo":{"@type":"ImageObject","inLanguage":"fr-FR","@id":"https:\/\/www.innov-ia.com\/fr\/#\/schema\/logo\/image\/","url":"https:\/\/www.innov-ia.com\/wp-content\/uploads\/2021\/09\/logo-INNOVIA-corporate-240.jpg","contentUrl":"https:\/\/www.innov-ia.com\/wp-content\/uploads\/2021\/09\/logo-INNOVIA-corporate-240.jpg","width":240,"height":56,"caption":"INNOV'IA"},"image":{"@id":"https:\/\/www.innov-ia.com\/fr\/#\/schema\/logo\/image\/"}}]}},"_links":{"self":[{"href":"https:\/\/www.innov-ia.com\/fr\/wp-json\/wp\/v2\/pages\/11770","targetHints":{"allow":["GET"]}}],"collection":[{"href":"https:\/\/www.innov-ia.com\/fr\/wp-json\/wp\/v2\/pages"}],"about":[{"href":"https:\/\/www.innov-ia.com\/fr\/wp-json\/wp\/v2\/types\/page"}],"author":[{"embeddable":true,"href":"https:\/\/www.innov-ia.com\/fr\/wp-json\/wp\/v2\/users\/10"}],"replies":[{"embeddable":true,"href":"https:\/\/www.innov-ia.com\/fr\/wp-json\/wp\/v2\/comments?post=11770"}],"version-history":[{"count":0,"href":"https:\/\/www.innov-ia.com\/fr\/wp-json\/wp\/v2\/pages\/11770\/revisions"}],"wp:attachment":[{"href":"https:\/\/www.innov-ia.com\/fr\/wp-json\/wp\/v2\/media?parent=11770"}],"curies":[{"name":"wp","href":"https:\/\/api.w.org\/{rel}","templated":true}]}}